{"id":76,"date":"2024-06-11T14:54:55","date_gmt":"2024-06-11T14:54:55","guid":{"rendered":"https:\/\/smilelogistics.vn\/?page_id=76"},"modified":"2024-07-10T14:51:38","modified_gmt":"2024-07-10T14:51:38","slug":"tuyen-dung","status":"publish","type":"page","link":"https:\/\/smilelogistics.vn\/?page_id=76","title":{"rendered":"TUY\u1ec2N D\u1ee4NG"},"content":{"rendered":"\t\t<div data-elementor-type=\"wp-page\" data-elementor-id=\"76\" class=\"elementor elementor-76\" data-elementor-post-type=\"page\">\n\t\t\t\t<div class=\"elementor-element elementor-element-89f0fb7 e-flex e-con-boxed e-con e-parent\" data-id=\"89f0fb7\" data-element_type=\"container\">\n\t\t\t\t\t<div class=\"e-con-inner\">\n\t\t\t\t<div class=\"elementor-element elementor-element-6fe0f01 elementor-widget elementor-widget-image\" data-id=\"6fe0f01\" data-element_type=\"widget\" data-widget_type=\"image.default\">\n\t\t\t\t<div class=\"elementor-widget-container\">\n\t\t\t<style>\/*! elementor - v3.22.0 - 17-06-2024 *\/\n.elementor-widget-image{text-align:center}.elementor-widget-image a{display:inline-block}.elementor-widget-image a img[src$=\".svg\"]{width:48px}.elementor-widget-image img{vertical-align:middle;display:inline-block}<\/style>\t\t\t\t\t\t\t\t\t\t<img fetchpriority=\"high\" decoding=\"async\" width=\"612\" height=\"382\" src=\"https:\/\/mlcwjhqv1z3n.i.optimole.com\/w:auto\/h:auto\/q:mauto\/ig:avif\/https:\/\/smilelogistics.vn\/wp-content\/uploads\/2024\/07\/hop-.jpeg\" class=\"attachment-large size-large wp-image-537\" alt=\"\" srcset=\"https:\/\/mlcwjhqv1z3n.i.optimole.com\/w:auto\/h:auto\/q:mauto\/ig:avif\/https:\/\/smilelogistics.vn\/wp-content\/uploads\/2024\/07\/hop-.jpeg 612w, https:\/\/mlcwjhqv1z3n.i.optimole.com\/w:300\/h:187\/q:mauto\/ig:avif\/https:\/\/smilelogistics.vn\/wp-content\/uploads\/2024\/07\/hop-.jpeg 300w\" sizes=\"(max-width: 612px) 100vw, 612px\" \/>\t\t\t\t\t\t\t\t\t\t\t\t\t<\/div>\n\t\t\t\t<\/div>\n\t\t\t\t<div class=\"elementor-element elementor-element-721589a elementor-widget elementor-widget-text-editor\" data-id=\"721589a\" data-element_type=\"widget\" data-widget_type=\"text-editor.default\">\n\t\t\t\t<div class=\"elementor-widget-container\">\n\t\t\t<style>\/*! elementor - v3.22.0 - 17-06-2024 *\/\n.elementor-widget-text-editor.elementor-drop-cap-view-stacked .elementor-drop-cap{background-color:#69727d;color:#fff}.elementor-widget-text-editor.elementor-drop-cap-view-framed .elementor-drop-cap{color:#69727d;border:3px solid;background-color:transparent}.elementor-widget-text-editor:not(.elementor-drop-cap-view-default) .elementor-drop-cap{margin-top:8px}.elementor-widget-text-editor:not(.elementor-drop-cap-view-default) .elementor-drop-cap-letter{width:1em;height:1em}.elementor-widget-text-editor .elementor-drop-cap{float:left;text-align:center;line-height:1;font-size:50px}.elementor-widget-text-editor .elementor-drop-cap-letter{display:inline-block}<\/style>\t\t\t\t<p>M\u00f4i<strong> tr\u01b0\u1eddng l\u00e0m vi\u1ec7c t\u1ea1i SmileLogs: N\u01a1i L\u00fd T\u01b0\u1edfng Cho S\u1ef1 Ph\u00e1t Tri\u1ec3n v\u00e0 H\u00e0i L\u00f2ng C\u1ee7a Nh\u00e2n Vi\u00ean<\/strong><\/p><p>M\u00f4i tr\u01b0\u1eddng l\u00e0m vi\u1ec7c \u0111\u00f3ng vai tr\u00f2 quan tr\u1ecdng trong vi\u1ec7c x\u00e1c \u0111\u1ecbnh s\u1ef1 th\u00e0nh c\u00f4ng c\u1ee7a m\u1ed9t c\u00f4ng ty v\u00e0 s\u1ef1 h\u00e0i l\u00f2ng c\u1ee7a nh\u00e2n vi\u00ean. SmileLogs, m\u1ed9t trong nh\u1eefng c\u00f4ng ty chuy\u00ean v\u1ec1 d\u1ecbch v\u1ee5 Logistics, kh\u00f4ng ch\u1ec9 n\u1ed5i b\u1eadt v\u1edbi nh\u1eefng s\u1ea3n ph\u1ea9m v\u00e0 d\u1ecbch v\u1ee5 ch\u1ea5t l\u01b0\u1ee3ng m\u00e0 c\u00f2n l\u00e0 \u0111i\u1ec3m \u0111\u1ebfn l\u00fd t\u01b0\u1edfng cho nh\u1eefng ai t\u00ecm ki\u1ebfm m\u1ed9t m\u00f4i tr\u01b0\u1eddng l\u00e0m vi\u1ec7c \u0111\u1ea7y n\u0103ng \u0111\u1ed9ng v\u00e0 \u0111\u00e1ng s\u1ed1ng<\/p><p><strong><span style=\"color: var( --e-global-color-text ); font-family: var( --e-global-typography-text-font-family ), Sans-serif; text-align: var(--text-align); background-color: var(--nv-site-bg); font-size: var(--bodyfontsize); letter-spacing: var(--bodyletterspacing); text-transform: var(--bodytexttransform);\">T\u1eadp Trung V\u00e0o S\u1ef1 \u0110\u1ed5i M\u1edbi V\u00e0 S\u00e1ng T\u1ea1o<\/span><\/strong><\/p><p>T\u1ea1i SmileLogs, s\u1ef1 \u0111\u1ed5i m\u1edbi v\u00e0 s\u00e1ng t\u1ea1o \u0111\u01b0\u1ee3c khuy\u1ebfn kh\u00edch m\u1ed9t c\u00e1ch m\u1ea1nh m\u1ebd. C\u00e1c nh\u00e2n vi\u00ean kh\u00f4ng ch\u1ec9 \u0111\u01b0\u1ee3c khuy\u1ebfn kh\u00edch \u0111\u01b0a ra \u00fd t\u01b0\u1edfng m\u1edbi m\u00e0 c\u00f2n \u0111\u01b0\u1ee3c \u0111\u1ed9ng vi\u00ean tham gia c\u00e1c kho\u00e1 h\u1ecdc v\u1ec1 xu\u1ea5t nh\u1eadp kh\u1ea9u. C\u00f4ng ty t\u1ea1o \u0111i\u1ec1u ki\u1ec7n thu\u1eadn l\u1ee3i \u0111\u1ec3 c\u00e1c nh\u00e2n vi\u00ean c\u00f3 th\u1ec3 th\u1ec3 hi\u1ec7n b\u1ea3n th\u00e2n v\u00e0 \u0111\u00f3ng g\u00f3p v\u00e0o s\u1ef1 th\u00e0nh c\u00f4ng chung.<\/p><p><strong>Kh\u00f4ng Gian L\u00e0m Vi\u1ec7c Th\u00e2n Thi\u1ec7n V\u00e0 C\u1edfi M\u1edf<\/strong><br \/>Ch\u00ednh s\u00e1ch c\u1eeda m\u1edf v\u00e0 s\u1ef1 trao \u0111\u1ed5i th\u00f4ng tin thu\u1eadn ti\u1ec7n gi\u00fap m\u1ecdi ng\u01b0\u1eddi d\u1ec5 d\u00e0ng h\u1ee3p t\u00e1c v\u00e0 gi\u1ea3i quy\u1ebft v\u1ea5n \u0111\u1ec1 m\u1ed9t c\u00e1ch hi\u1ec7u qu\u1ea3.<\/p><p><strong><span style=\"color: var( --e-global-color-text ); font-family: var( --e-global-typography-text-font-family ), Sans-serif; text-align: var(--text-align); background-color: var(--nv-site-bg); font-size: var(--bodyfontsize); letter-spacing: var(--bodyletterspacing); text-transform: var(--bodytexttransform);\">Cam K\u1ebft V\u1edbi S\u1ef1 Ph\u00e1t Tri\u1ec3n C\u00e1 Nh\u00e2n<\/span><\/strong><\/p><p>T\u1ea1i SmileLogs, vi\u1ec7c ph\u00e1t tri\u1ec3n c\u00e1 nh\u00e2n \u0111\u01b0\u1ee3c coi l\u00e0 m\u1ed9t \u01b0u ti\u00ean h\u00e0ng \u0111\u1ea7u. C\u00f4ng ty cung c\u1ea5p c\u00e1c ch\u01b0\u01a1ng tr\u00ecnh \u0111\u00e0o t\u1ea1o chuy\u00ean s\u00e2u, c\u01a1 h\u1ed9i th\u0103ng ti\u1ebfn v\u00e0 h\u1ed7 tr\u1ee3 \u0111\u1ec3 nh\u00e2n vi\u00ean c\u00f3 th\u1ec3 ph\u00e1t tri\u1ec3n ngh\u1ec1 nghi\u1ec7p m\u1ed9t c\u00e1ch b\u1ec1n v\u1eefng. Ch\u00ednh s\u00e1ch h\u1ed7 tr\u1ee3 \u0111\u00e0o t\u1ea1o v\u00e0 khuy\u1ebfn kh\u00edch h\u1ecdc h\u1ecfi li\u00ean t\u1ee5c gi\u00fap c\u00e1c c\u00e1 nh\u00e2n t\u1ef1 tin h\u01a1n trong c\u00f4ng vi\u1ec7c v\u00e0 chu\u1ea9n b\u1ecb cho nh\u1eefng th\u1eed th\u00e1ch m\u1edbi.<\/p><p><strong>S\u1ee9 M\u1ec7nh V\u00e0 Gi\u00e1 Tr\u1ecb T\u1ea1o N\u00ean S\u1ef1 \u0110o\u00e0n K\u1ebft<\/strong><br \/>SmileLogs kh\u00f4ng ch\u1ec9 l\u00e0 n\u01a1i l\u00e0m vi\u1ec7c m\u00e0 c\u00f2n l\u00e0 m\u1ed9t c\u1ed9ng \u0111\u1ed3ng. C\u00e1c nh\u00e2n vi\u00ean chia s\u1ebb m\u1ed9t s\u1ee9 m\u1ec7nh chung v\u00e0 t\u00f4n tr\u1ecdng c\u00e1c gi\u00e1 tr\u1ecb nh\u00e2n v\u0103n. B\u1eb1ng c\u00e1ch \u0111\u1eb7t con ng\u01b0\u1eddi v\u00e0o trung t\u00e2m ho\u1ea1t \u0111\u1ed9ng, c\u00f4ng ty th\u00fac \u0111\u1ea9y s\u1ef1 \u0111o\u00e0n k\u1ebft v\u00e0 t\u1ea1o n\u00ean m\u1ed9t m\u00f4i tr\u01b0\u1eddng l\u00e0m vi\u1ec7c \u0111\u00e1ng tin c\u1eady v\u00e0 h\u1ed7 tr\u1ee3.<\/p><p><strong>S\u1ef1 C\u00e2n B\u1eb1ng Gi\u1eefa Cu\u1ed9c S\u1ed1ng C\u00e1 Nh\u00e2n V\u00e0 Ngh\u1ec1 Nghi\u1ec7p<\/strong><br \/>SmileLogs c\u0169ng quan t\u00e2m \u0111\u1ebfn s\u1ef1 c\u00e2n b\u1eb1ng gi\u1eefa cu\u1ed9c s\u1ed1ng c\u00e1 nh\u00e2n v\u00e0 ngh\u1ec1 nghi\u1ec7p c\u1ee7a nh\u00e2n vi\u00ean. Ch\u00ednh s\u00e1ch linh ho\u1ea1t v\u1ec1 l\u00e0m vi\u1ec7c t\u1eeb xa v\u00e0 c\u00e1c ho\u1ea1t \u0111\u1ed9ng gi\u1ea3i tr\u00ed ngo\u00e0i gi\u1edd gi\u00fap nh\u00e2n vi\u00ean th\u01b0 gi\u00e3n v\u00e0 n\u1ea1p l\u1ea1i n\u0103ng l\u01b0\u1ee3ng sau gi\u1edd l\u00e0m vi\u1ec7c.<\/p><p>V\u1edbi m\u1ed9t m\u00f4i tr\u01b0\u1eddng l\u00e0m vi\u1ec7c \u0111\u1ea7y n\u0103ng \u0111\u1ed9ng, th\u00e2n thi\u1ec7n v\u00e0 h\u1ed7 tr\u1ee3, SmileLogs kh\u00f4ng ch\u1ec9 l\u00e0 m\u1ed9t n\u01a1i l\u00e0m vi\u1ec7c m\u00e0 l\u00e0 m\u1ed9t gia \u0111\u00ecnh m\u00e0 m\u1ecdi th\u00e0nh vi\u00ean \u0111\u1ec1u t\u1ef1 h\u00e0o v\u00e0 mong mu\u1ed1n g\u00f3p ph\u1ea7n v\u00e0o s\u1ef1 th\u00e0nh c\u00f4ng chung c\u1ee7a c\u00f4ng ty. S\u1ef1 cam k\u1ebft v\u1edbi s\u1ef1 ph\u00e1t tri\u1ec3n b\u1ec1n v\u1eefng v\u00e0 s\u1ef1 h\u00e0i l\u00f2ng c\u1ee7a nh\u00e2n vi\u00ean l\u00e0 \u0111i\u1ec1u l\u00e0m n\u00ean s\u1ef1 kh\u00e1c bi\u1ec7t c\u1ee7a SmileLogs trong l\u0129nh v\u1ef1c Logistics ng\u00e0y nay.<\/p>\t\t\t\t\t\t<\/div>\n\t\t\t\t<\/div>\n\t\t\t\t\t<\/div>\n\t\t\t\t<\/div>\n\t\t\t\t<\/div>\n\t\t","protected":false},"excerpt":{"rendered":"<p>M\u00f4i tr\u01b0\u1eddng l\u00e0m vi\u1ec7c t\u1ea1i SmileLogs: N\u01a1i L\u00fd T\u01b0\u1edfng Cho S\u1ef1 Ph\u00e1t Tri\u1ec3n v\u00e0 H\u00e0i L\u00f2ng C\u1ee7a Nh\u00e2n Vi\u00ean M\u00f4i tr\u01b0\u1eddng l\u00e0m vi\u1ec7c \u0111\u00f3ng vai tr\u00f2 quan tr\u1ecdng trong vi\u1ec7c x\u00e1c \u0111\u1ecbnh s\u1ef1 th\u00e0nh c\u00f4ng c\u1ee7a m\u1ed9t c\u00f4ng ty v\u00e0 s\u1ef1 h\u00e0i l\u00f2ng c\u1ee7a nh\u00e2n vi\u00ean. SmileLogs, m\u1ed9t trong nh\u1eefng c\u00f4ng ty chuy\u00ean v\u1ec1 d\u1ecbch&hellip;&nbsp;<a href=\"https:\/\/smilelogistics.vn\/?page_id=76\" class=\"\" rel=\"bookmark\">\u0110\u1ecdc ti\u1ebfp &raquo;<span class=\"screen-reader-text\">TUY\u1ec2N D\u1ee4NG<\/span><\/a><\/p>\n","protected":false},"author":1,"featured_media":0,"parent":0,"menu_order":0,"comment_status":"closed","ping_status":"closed","template":"page-templates\/template-pagebuilder-full-width.php","meta":{"neve_meta_sidebar":"","neve_meta_container":"","neve_meta_enable_content_width":"","neve_meta_content_width":0,"neve_meta_title_alignment":"","neve_meta_author_avatar":"","neve_post_elements_order":"","neve_meta_disable_header":"","neve_meta_disable_footer":"","neve_meta_disable_title":"","_themeisle_gutenberg_block_has_review":false,"_ti_tpc_template_sync":false,"_ti_tpc_template_id":"","footnotes":""},"class_list":["post-76","page","type-page","status-publish","hentry"],"_links":{"self":[{"href":"https:\/\/smilelogistics.vn\/index.php?rest_route=\/wp\/v2\/pages\/76","targetHints":{"allow":["GET"]}}],"collection":[{"href":"https:\/\/smilelogistics.vn\/index.php?rest_route=\/wp\/v2\/pages"}],"about":[{"href":"https:\/\/smilelogistics.vn\/index.php?rest_route=\/wp\/v2\/types\/page"}],"author":[{"embeddable":true,"href":"https:\/\/smilelogistics.vn\/index.php?rest_route=\/wp\/v2\/users\/1"}],"replies":[{"embeddable":true,"href":"https:\/\/smilelogistics.vn\/index.php?rest_route=%2Fwp%2Fv2%2Fcomments&post=76"}],"version-history":[{"count":7,"href":"https:\/\/smilelogistics.vn\/index.php?rest_route=\/wp\/v2\/pages\/76\/revisions"}],"predecessor-version":[{"id":694,"href":"https:\/\/smilelogistics.vn\/index.php?rest_route=\/wp\/v2\/pages\/76\/revisions\/694"}],"wp:attachment":[{"href":"https:\/\/smilelogistics.vn\/index.php?rest_route=%2Fwp%2Fv2%2Fmedia&parent=76"}],"curies":[{"name":"wp","href":"https:\/\/api.w.org\/{rel}","templated":true}]}}