{"id":738,"date":"2024-07-18T08:58:58","date_gmt":"2024-07-18T08:58:58","guid":{"rendered":"https:\/\/smilelogistics.vn\/?page_id=738"},"modified":"2025-07-18T04:06:42","modified_gmt":"2025-07-18T04:06:42","slug":"thong-tin-tuyen-dung","status":"publish","type":"page","link":"https:\/\/smilelogistics.vn\/?page_id=738","title":{"rendered":"Th\u00f4ng Tin Tuy\u1ec3n D\u1ee5ng"},"content":{"rendered":"\t\t<div data-elementor-type=\"wp-page\" data-elementor-id=\"738\" class=\"elementor elementor-738\" data-elementor-post-type=\"page\">\n\t\t\t\t<div class=\"elementor-element elementor-element-10add46d e-flex e-con-boxed e-con e-parent\" data-id=\"10add46d\" data-element_type=\"container\">\n\t\t\t\t\t<div class=\"e-con-inner\">\n\t\t\t\t<div class=\"elementor-element elementor-element-495beca3 elementor-widget elementor-widget-text-editor\" data-id=\"495beca3\" data-element_type=\"widget\" data-widget_type=\"text-editor.default\">\n\t\t\t\t<div class=\"elementor-widget-container\">\n\t\t\t<style>\/*! elementor - v3.22.0 - 17-06-2024 *\/\n.elementor-widget-text-editor.elementor-drop-cap-view-stacked .elementor-drop-cap{background-color:#69727d;color:#fff}.elementor-widget-text-editor.elementor-drop-cap-view-framed .elementor-drop-cap{color:#69727d;border:3px solid;background-color:transparent}.elementor-widget-text-editor:not(.elementor-drop-cap-view-default) .elementor-drop-cap{margin-top:8px}.elementor-widget-text-editor:not(.elementor-drop-cap-view-default) .elementor-drop-cap-letter{width:1em;height:1em}.elementor-widget-text-editor .elementor-drop-cap{float:left;text-align:center;line-height:1;font-size:50px}.elementor-widget-text-editor .elementor-drop-cap-letter{display:inline-block}<\/style>\t\t\t\t<h1><b>TUY\u1ec2N D\u1ee4NG 2025<\/b><\/h1>\t\t\t\t\t\t<\/div>\n\t\t\t\t<\/div>\n\t\t\t\t\t<\/div>\n\t\t\t\t<\/div>\n\t\t<div class=\"elementor-element elementor-element-3cfcc9b e-flex e-con-boxed e-con e-parent\" data-id=\"3cfcc9b\" data-element_type=\"container\">\n\t\t\t\t\t<div class=\"e-con-inner\">\n\t\t<div class=\"elementor-element elementor-element-43adf36 e-con-full e-flex e-con e-child\" data-id=\"43adf36\" data-element_type=\"container\">\n\t\t<div class=\"elementor-element elementor-element-53b780a e-con-full e-flex e-con e-child\" data-id=\"53b780a\" data-element_type=\"container\">\n\t\t\t\t<div class=\"elementor-element elementor-element-c9e24a1 elementor-widget elementor-widget-image\" data-id=\"c9e24a1\" data-element_type=\"widget\" data-widget_type=\"image.default\">\n\t\t\t\t<div class=\"elementor-widget-container\">\n\t\t\t<style>\/*! elementor - v3.22.0 - 17-06-2024 *\/\n.elementor-widget-image{text-align:center}.elementor-widget-image a{display:inline-block}.elementor-widget-image a img[src$=\".svg\"]{width:48px}.elementor-widget-image img{vertical-align:middle;display:inline-block}<\/style>\t\t\t\t\t\t\t<figure class=\"wp-caption\">\n\t\t\t\t\t\t\t\t\t\t\t<a href=\"https:\/\/smilelogistics.vn\/?p=1108\">\n\t\t\t\t\t\t\t<img fetchpriority=\"high\" decoding=\"async\" width=\"375\" height=\"257\" src=\"https:\/\/mlcwjhqv1z3n.i.optimole.com\/w:auto\/h:auto\/q:mauto\/ig:avif\/https:\/\/smilelogistics.vn\/wp-content\/uploads\/2025\/05\/tuyen-dung-nhan-su-thang-9.jpg\" class=\"attachment-large size-large wp-image-1063\" alt=\"\" srcset=\"https:\/\/mlcwjhqv1z3n.i.optimole.com\/w:auto\/h:auto\/q:mauto\/ig:avif\/https:\/\/smilelogistics.vn\/wp-content\/uploads\/2025\/05\/tuyen-dung-nhan-su-thang-9.jpg 375w, https:\/\/mlcwjhqv1z3n.i.optimole.com\/w:300\/h:206\/q:mauto\/ig:avif\/https:\/\/smilelogistics.vn\/wp-content\/uploads\/2025\/05\/tuyen-dung-nhan-su-thang-9.jpg 300w\" sizes=\"(max-width: 375px) 100vw, 375px\" \/>\t\t\t\t\t\t\t\t<\/a>\n\t\t\t\t\t\t\t\t\t\t\t<figcaption class=\"widget-image-caption wp-caption-text\"><\/figcaption>\n\t\t\t\t\t\t\t\t\t\t<\/figure>\n\t\t\t\t\t\t\t<\/div>\n\t\t\t\t<\/div>\n\t\t\t\t<div class=\"elementor-element elementor-element-e82c20e elementor-widget elementor-widget-heading\" data-id=\"e82c20e\" data-element_type=\"widget\" data-widget_type=\"heading.default\">\n\t\t\t\t<div class=\"elementor-widget-container\">\n\t\t\t<style>\/*! elementor - v3.22.0 - 17-06-2024 *\/\n.elementor-heading-title{padding:0;margin:0;line-height:1}.elementor-widget-heading .elementor-heading-title[class*=elementor-size-]>a{color:inherit;font-size:inherit;line-height:inherit}.elementor-widget-heading .elementor-heading-title.elementor-size-small{font-size:15px}.elementor-widget-heading .elementor-heading-title.elementor-size-medium{font-size:19px}.elementor-widget-heading .elementor-heading-title.elementor-size-large{font-size:29px}.elementor-widget-heading .elementor-heading-title.elementor-size-xl{font-size:39px}.elementor-widget-heading .elementor-heading-title.elementor-size-xxl{font-size:59px}<\/style><h3 class=\"elementor-heading-title elementor-size-default\">TUY\u1ec2N D\u1ee4NG TH\u1ef0C T\u1eacP SINH TH\u00c1NG 05\/2025<\/h3>\t\t<\/div>\n\t\t\t\t<\/div>\n\t\t\t\t<div class=\"elementor-element elementor-element-9e3076f elementor-widget elementor-widget-text-editor\" data-id=\"9e3076f\" data-element_type=\"widget\" data-widget_type=\"text-editor.default\">\n\t\t\t\t<div class=\"elementor-widget-container\">\n\t\t\t\t\t\t\t<p>Th\u1ef1c t\u1eadp d\u00e0nh cho c\u00e1c b\u1ea1n Sinh Vi\u00ean n\u0103m cu\u1ed1i (full-time)<br \/>1\/ B\u1ed9 ph\u1eadn OPS v\u00e0 DOCS : 02 Nam v\u00e0 02 N\u1eef<br \/>2\/ B\u1ed9 ph\u1eadn Sales : 04 N\u1eef\/Nam<\/p><p><span style=\"color: #ff0000;\">(\u0110\u00e3 tuy\u1ec3n \u0111\u1ee7)<\/span><\/p>\t\t\t\t\t\t<\/div>\n\t\t\t\t<\/div>\n\t\t\t\t<\/div>\n\t\t\t\t<\/div>\n\t\t<div class=\"elementor-element elementor-element-bdde1b8 e-con-full e-flex e-con e-child\" data-id=\"bdde1b8\" data-element_type=\"container\">\n\t\t\t\t<div class=\"elementor-element elementor-element-49113d3 elementor-widget elementor-widget-image\" data-id=\"49113d3\" data-element_type=\"widget\" data-widget_type=\"image.default\">\n\t\t\t\t<div class=\"elementor-widget-container\">\n\t\t\t\t\t\t\t\t\t\t<figure class=\"wp-caption\">\n\t\t\t\t\t\t\t\t\t\t\t<a href=\"https:\/\/smilelogistics.vn\/?p=1091\">\n\t\t\t\t\t\t\t<img fetchpriority=\"high\" decoding=\"async\" width=\"612\" height=\"392\" src=\"https:\/\/mlcwjhqv1z3n.i.optimole.com\/w:auto\/h:auto\/q:mauto\/ig:avif\/https:\/\/smilelogistics.vn\/wp-content\/uploads\/2024\/06\/chung-tu.jpeg\" class=\"attachment-medium_large size-medium_large wp-image-731\" alt=\"\" srcset=\"https:\/\/mlcwjhqv1z3n.i.optimole.com\/w:auto\/h:auto\/q:mauto\/ig:avif\/https:\/\/smilelogistics.vn\/wp-content\/uploads\/2024\/06\/chung-tu.jpeg 612w, https:\/\/mlcwjhqv1z3n.i.optimole.com\/w:300\/h:192\/q:mauto\/ig:avif\/https:\/\/smilelogistics.vn\/wp-content\/uploads\/2024\/06\/chung-tu.jpeg 300w\" sizes=\"(max-width: 612px) 100vw, 612px\" \/>\t\t\t\t\t\t\t\t<\/a>\n\t\t\t\t\t\t\t\t\t\t\t<figcaption class=\"widget-image-caption wp-caption-text\"><\/figcaption>\n\t\t\t\t\t\t\t\t\t\t<\/figure>\n\t\t\t\t\t\t\t<\/div>\n\t\t\t\t<\/div>\n\t\t\t\t<div class=\"elementor-element elementor-element-ff6b985 elementor-widget elementor-widget-heading\" data-id=\"ff6b985\" data-element_type=\"widget\" data-widget_type=\"heading.default\">\n\t\t\t\t<div class=\"elementor-widget-container\">\n\t\t\t<h3 class=\"elementor-heading-title elementor-size-default\">TUY\u1ec2N D\u1ee4NG TEAM LEADER TH\u1ee6 T\u1ee4C H\u1ea2I QUAN TH\u00c1NG 05\/2025<\/h3>\t\t<\/div>\n\t\t\t\t<\/div>\n\t\t\t\t<div class=\"elementor-element elementor-element-29df21e elementor-widget elementor-widget-text-editor\" data-id=\"29df21e\" data-element_type=\"widget\" data-widget_type=\"text-editor.default\">\n\t\t\t\t<div class=\"elementor-widget-container\">\n\t\t\t\t\t\t\t<div id=\"eg2hc_adprt\" data-component=\"rtf-block\"><span id=\"eg2hc_adprt_7q1rp\" class=\"\" data-text=\"true\" data-z-element-type=\"rtf-text\" data-is-whitespace=\"false\">Smilelogs c\u00f3 nhu c\u1ea7u tuy\u1ec3n d\u1ee5ng 1 nh\u00e2n s\u1ef1 c\u00f3 kinh nghi\u1ec7m \u00edt <\/span><span id=\"eg2hc_eeikr_es612\" class=\"\" data-text=\"true\" data-z-element-type=\"rtf-text\" data-is-whitespace=\"false\">nh\u1ea5t 3 n\u0103m trong l\u0129nh v\u1ef1c khai b\u00e1o h\u1ea3i quan \u0111\u00e3 l\u00e0m vi\u1ec7c trong m\u00f4i tr\u01b0\u1eddng cty logistics, agent, service.<\/span><span id=\"eg2hc_3g6l3_5l8vc\" class=\"\" data-text=\"true\" data-z-element-type=\"rtf-text\" data-is-whitespace=\"true\"><\/span><\/div><div id=\"eg2hc_diqkl\" data-component=\"rtf-block\"><span id=\"eg2hc_diqkl_771me\" class=\"\" data-text=\"true\" data-z-element-type=\"rtf-text\" data-is-whitespace=\"false\">HO\u1eb6C 1 nh\u00e2n s\u1ef1 c\u00f3 s\u1ef1 n\u0103ng \u0111\u1ed9ng, linh ho\u1ea1t, t\u01b0 duy s\u00e1ng t\u1ea1o, <\/span><span id=\"eg2hc_aqmid_a71r0\" class=\"\" data-text=\"true\" data-z-element-type=\"rtf-text\" data-is-whitespace=\"false\">c\u00f3 tinh th\u1ea7n tr\u00e1ch nhi\u1ec7m, &#8230; c\u00f4ng ty s\u1ebd \u0111\u00e0o t\u1ea1o \u0111\u1ec3 tr\u1edf th\u00e0nh team leader<\/span><\/div>\t\t\t\t\t\t<\/div>\n\t\t\t\t<\/div>\n\t\t\t\t<\/div>\n\t\t<div class=\"elementor-element elementor-element-1552edd e-con-full e-flex e-con e-child\" data-id=\"1552edd\" data-element_type=\"container\">\n\t\t\t\t<div class=\"elementor-element elementor-element-882c3dc elementor-widget elementor-widget-image\" data-id=\"882c3dc\" data-element_type=\"widget\" data-widget_type=\"image.default\">\n\t\t\t\t<div class=\"elementor-widget-container\">\n\t\t\t\t\t\t\t\t\t\t\t\t\t\t<a href=\"https:\/\/smilelogistics.vn\/?p=1102\">\n\t\t\t\t\t\t\t<img data-opt-src=\"https:\/\/mlcwjhqv1z3n.i.optimole.com\/w:auto\/h:auto\/q:mauto\/ig:avif\/https:\/\/smilelogistics.vn\/wp-content\/uploads\/2025\/05\/cach-tim-kiem-khach-hang-nhan-vien-sale-logistics.jpg\"  decoding=\"async\" width=\"700\" height=\"350\" src=\"data:image/svg+xml,%3Csvg%20viewBox%3D%220%200%20100%%20100%%22%20width%3D%22100%%22%20height%3D%22100%%22%20xmlns%3D%22http%3A%2F%2Fwww.w3.org%2F2000%2Fsvg%22%3E%3Crect%20width%3D%22100%%22%20height%3D%22100%%22%20fill%3D%22transparent%22%2F%3E%3C%2Fsvg%3E\" class=\"attachment-large size-large wp-image-1064\" alt=\"\" old-srcset=\"https:\/\/mlcwjhqv1z3n.i.optimole.com\/w:auto\/h:auto\/q:mauto\/ig:avif\/https:\/\/smilelogistics.vn\/wp-content\/uploads\/2025\/05\/cach-tim-kiem-khach-hang-nhan-vien-sale-logistics.jpg 700w, https:\/\/mlcwjhqv1z3n.i.optimole.com\/w:300\/h:150\/q:mauto\/ig:avif\/https:\/\/smilelogistics.vn\/wp-content\/uploads\/2025\/05\/cach-tim-kiem-khach-hang-nhan-vien-sale-logistics.jpg 300w\" \/>\t\t\t\t\t\t\t\t<\/a>\n\t\t\t\t\t\t\t\t\t\t\t\t\t<\/div>\n\t\t\t\t<\/div>\n\t\t\t\t<div class=\"elementor-element elementor-element-4518364 elementor-widget elementor-widget-heading\" data-id=\"4518364\" data-element_type=\"widget\" data-widget_type=\"heading.default\">\n\t\t\t\t<div class=\"elementor-widget-container\">\n\t\t\t<h3 class=\"elementor-heading-title elementor-size-default\">TUY\u1ec2N D\u1ee4NG SALES TH\u1ee6 T\u1ee4C H\u1ea2I QUAN TH\u00c1NG 05\/2025<\/h3>\t\t<\/div>\n\t\t\t\t<\/div>\n\t\t\t\t<div class=\"elementor-element elementor-element-65d53f1 elementor-widget elementor-widget-text-editor\" data-id=\"65d53f1\" data-element_type=\"widget\" data-widget_type=\"text-editor.default\">\n\t\t\t\t<div class=\"elementor-widget-container\">\n\t\t\t\t\t\t\t<div data-component=\"rtf-block\"><span id=\"9qbfk_oluo_6rseq\" class=\"\" data-text=\"true\" data-z-element-type=\"rtf-text\" data-is-whitespace=\"false\">02 nh\u00e2n s\u1ef1<\/span><\/div><div id=\"9qbfk_c2fje\" data-component=\"rtf-block\"><span id=\"9qbfk_c2fje_decri\" class=\"\" data-text=\"true\" data-z-element-type=\"rtf-text\" data-is-whitespace=\"false\">V\u1edbi th\u1ebf m\u1ea1nh l\u00e0 1 c\u00f4ng ty chuy\u00ean v\u1ec1 th\u1ee7 t\u1ee5c h\u1ea3i quan, C\u00f4ng ty <\/span><span id=\"9qbfk_c2fje_fp1ce\" class=\"\" data-text=\"true\" data-z-element-type=\"rtf-text\" data-is-whitespace=\"false\">Smilelogs <\/span><span id=\"9qbfk_7odck_fec8r\" class=\"\" data-text=\"true\" data-z-element-type=\"rtf-text\" data-is-whitespace=\"false\">c\u00f3 nhu c\u1ea7u tuy\u1ec3n d\u1ee5ng 2 nh\u00e2n s\u1ef1 c\u00f3 kinh nghi\u1ec7m \u00edt nh\u1ea5t 1 n\u0103m \u0111\u00e3 l\u00e0m vi\u1ec7c trong m\u00f4i tr\u01b0\u1eddng c\u00f4ng ty logistics, agent, service.<\/span><\/div><div id=\"9qbfk_57ohl\" data-component=\"rtf-block\"><span id=\"9qbfk_57ohl_80c1s\" class=\"\" data-text=\"true\" data-z-element-type=\"rtf-text\" data-is-whitespace=\"true\">\u00a0<\/span><span id=\"9qbfk_1c2k9_c1mgu\" class=\"\" data-text=\"true\" data-z-element-type=\"rtf-text\" data-is-whitespace=\"false\">HO\u1eb6C c\u00f4ng ty ch\u1ea5p nh\u1eadn \u0111\u00e0o t\u1ea1o nh\u00e2n s\u1ef1 m\u1edbi ch\u01b0a c\u00f3 kinh nghi\u1ec7m<\/span><\/div>\t\t\t\t\t\t<\/div>\n\t\t\t\t<\/div>\n\t\t\t\t<\/div>\n\t\t\t\t\t<\/div>\n\t\t\t\t<\/div>\n\t\t\t\t<\/div>\n\t\t","protected":false},"excerpt":{"rendered":"<p>TUY\u1ec2N D\u1ee4NG 2025 TUY\u1ec2N D\u1ee4NG TH\u1ef0C T\u1eacP SINH TH\u00c1NG 05\/2025 Th\u1ef1c t\u1eadp d\u00e0nh cho c\u00e1c b\u1ea1n Sinh Vi\u00ean n\u0103m cu\u1ed1i (full-time)1\/ B\u1ed9 ph\u1eadn OPS v\u00e0 DOCS : 02 Nam v\u00e0 02 N\u1eef2\/ B\u1ed9 ph\u1eadn Sales : 04 N\u1eef\/Nam (\u0110\u00e3 tuy\u1ec3n \u0111\u1ee7) TUY\u1ec2N D\u1ee4NG TEAM LEADER TH\u1ee6 T\u1ee4C H\u1ea2I QUAN TH\u00c1NG 05\/2025 Smilelogs c\u00f3 nhu c\u1ea7u&hellip;&nbsp;<a href=\"https:\/\/smilelogistics.vn\/?page_id=738\" class=\"\" rel=\"bookmark\">\u0110\u1ecdc ti\u1ebfp &raquo;<span class=\"screen-reader-text\">Th\u00f4ng Tin Tuy\u1ec3n D\u1ee5ng<\/span><\/a><\/p>\n","protected":false},"author":1,"featured_media":0,"parent":0,"menu_order":0,"comment_status":"closed","ping_status":"closed","template":"","meta":{"neve_meta_sidebar":"","neve_meta_container":"","neve_meta_enable_content_width":"off","neve_meta_content_width":100,"neve_meta_title_alignment":"","neve_meta_author_avatar":"","neve_post_elements_order":"","neve_meta_disable_header":"","neve_meta_disable_footer":"","neve_meta_disable_title":"","_themeisle_gutenberg_block_has_review":false,"_ti_tpc_template_sync":false,"_ti_tpc_template_id":"","footnotes":""},"class_list":["post-738","page","type-page","status-publish","hentry"],"_links":{"self":[{"href":"https:\/\/smilelogistics.vn\/index.php?rest_route=\/wp\/v2\/pages\/738","targetHints":{"allow":["GET"]}}],"collection":[{"href":"https:\/\/smilelogistics.vn\/index.php?rest_route=\/wp\/v2\/pages"}],"about":[{"href":"https:\/\/smilelogistics.vn\/index.php?rest_route=\/wp\/v2\/types\/page"}],"author":[{"embeddable":true,"href":"https:\/\/smilelogistics.vn\/index.php?rest_route=\/wp\/v2\/users\/1"}],"replies":[{"embeddable":true,"href":"https:\/\/smilelogistics.vn\/index.php?rest_route=%2Fwp%2Fv2%2Fcomments&post=738"}],"version-history":[{"count":37,"href":"https:\/\/smilelogistics.vn\/index.php?rest_route=\/wp\/v2\/pages\/738\/revisions"}],"predecessor-version":[{"id":1421,"href":"https:\/\/smilelogistics.vn\/index.php?rest_route=\/wp\/v2\/pages\/738\/revisions\/1421"}],"wp:attachment":[{"href":"https:\/\/smilelogistics.vn\/index.php?rest_route=%2Fwp%2Fv2%2Fmedia&parent=738"}],"curies":[{"name":"wp","href":"https:\/\/api.w.org\/{rel}","templated":true}]}}