{"id":736,"date":"2024-07-18T08:58:14","date_gmt":"2024-07-18T08:58:14","guid":{"rendered":"https:\/\/smilelogistics.vn\/?page_id=736"},"modified":"2025-07-18T07:30:33","modified_gmt":"2025-07-18T07:30:33","slug":"moi-truong-lam-viec","status":"publish","type":"page","link":"https:\/\/smilelogistics.vn\/?page_id=736","title":{"rendered":"M\u00f4i Tr\u01b0\u1eddng  L\u00e0m Vi\u1ec7c"},"content":{"rendered":"\t\t<div data-elementor-type=\"wp-page\" data-elementor-id=\"736\" class=\"elementor elementor-736\" data-elementor-post-type=\"page\">\n\t\t\t\t<div class=\"elementor-element elementor-element-cd02dc2 e-flex e-con-boxed e-con e-parent\" data-id=\"cd02dc2\" data-element_type=\"container\">\n\t\t\t\t\t<div class=\"e-con-inner\">\n\t\t<div class=\"elementor-element elementor-element-29337ac e-con-full e-flex e-con e-child\" data-id=\"29337ac\" data-element_type=\"container\">\n\t\t\t\t<div class=\"elementor-element elementor-element-e18b202 elementor-widget elementor-widget-image\" data-id=\"e18b202\" data-element_type=\"widget\" data-widget_type=\"image.default\">\n\t\t\t\t<div class=\"elementor-widget-container\">\n\t\t\t<style>\/*! elementor - v3.22.0 - 17-06-2024 *\/\n.elementor-widget-image{text-align:center}.elementor-widget-image a{display:inline-block}.elementor-widget-image a img[src$=\".svg\"]{width:48px}.elementor-widget-image img{vertical-align:middle;display:inline-block}<\/style>\t\t\t\t\t\t\t\t\t\t<img fetchpriority=\"high\" decoding=\"async\" width=\"729\" height=\"467\" src=\"https:\/\/mlcwjhqv1z3n.i.optimole.com\/w:auto\/h:auto\/q:mauto\/ig:avif\/https:\/\/smilelogistics.vn\/wp-content\/uploads\/2025\/07\/yeu-cau-ve-kinh-nghiem-e1752810458886.jpg\" class=\"attachment-neve-blog size-neve-blog wp-image-1414\" alt=\"\" srcset=\"https:\/\/mlcwjhqv1z3n.i.optimole.com\/w:auto\/h:auto\/q:mauto\/ig:avif\/https:\/\/smilelogistics.vn\/wp-content\/uploads\/2025\/07\/yeu-cau-ve-kinh-nghiem-e1752810458886.jpg 729w, https:\/\/mlcwjhqv1z3n.i.optimole.com\/w:300\/h:192\/q:mauto\/ig:avif\/https:\/\/smilelogistics.vn\/wp-content\/uploads\/2025\/07\/yeu-cau-ve-kinh-nghiem-e1752810458886.jpg 300w\" sizes=\"(max-width: 729px) 100vw, 729px\" \/>\t\t\t\t\t\t\t\t\t\t\t\t\t<\/div>\n\t\t\t\t<\/div>\n\t\t\t\t<\/div>\n\t\t<div class=\"elementor-element elementor-element-64e1110 e-con-full e-flex e-con e-child\" data-id=\"64e1110\" data-element_type=\"container\">\n\t\t\t\t<div class=\"elementor-element elementor-element-d90c088 elementor-widget elementor-widget-image\" data-id=\"d90c088\" data-element_type=\"widget\" data-widget_type=\"image.default\">\n\t\t\t\t<div class=\"elementor-widget-container\">\n\t\t\t\t\t\t\t\t\t\t\t\t\t<img fetchpriority=\"high\" decoding=\"async\" width=\"650\" height=\"405\" src=\"https:\/\/mlcwjhqv1z3n.i.optimole.com\/w:auto\/h:auto\/q:mauto\/ig:avif\/https:\/\/smilelogistics.vn\/wp-content\/uploads\/2025\/07\/photo1665116279495-1665116279566710717520-1665130036462283808550.png\" class=\"attachment-full size-full wp-image-1415\" alt=\"\" srcset=\"https:\/\/mlcwjhqv1z3n.i.optimole.com\/w:auto\/h:auto\/q:mauto\/ig:avif\/https:\/\/smilelogistics.vn\/wp-content\/uploads\/2025\/07\/photo1665116279495-1665116279566710717520-1665130036462283808550.png 650w, https:\/\/mlcwjhqv1z3n.i.optimole.com\/w:300\/h:187\/q:mauto\/ig:avif\/https:\/\/smilelogistics.vn\/wp-content\/uploads\/2025\/07\/photo1665116279495-1665116279566710717520-1665130036462283808550.png 300w\" sizes=\"(max-width: 650px) 100vw, 650px\" \/>\t\t\t\t\t\t\t\t\t\t\t\t\t<\/div>\n\t\t\t\t<\/div>\n\t\t\t\t<\/div>\n\t\t<div class=\"elementor-element elementor-element-c1cc271 e-con-full e-flex e-con e-child\" data-id=\"c1cc271\" data-element_type=\"container\">\n\t\t\t\t<div class=\"elementor-element elementor-element-d3857b3 elementor-widget elementor-widget-text-editor\" data-id=\"d3857b3\" data-element_type=\"widget\" data-widget_type=\"text-editor.default\">\n\t\t\t\t<div class=\"elementor-widget-container\">\n\t\t\t<style>\/*! elementor - v3.22.0 - 17-06-2024 *\/\n.elementor-widget-text-editor.elementor-drop-cap-view-stacked .elementor-drop-cap{background-color:#69727d;color:#fff}.elementor-widget-text-editor.elementor-drop-cap-view-framed .elementor-drop-cap{color:#69727d;border:3px solid;background-color:transparent}.elementor-widget-text-editor:not(.elementor-drop-cap-view-default) .elementor-drop-cap{margin-top:8px}.elementor-widget-text-editor:not(.elementor-drop-cap-view-default) .elementor-drop-cap-letter{width:1em;height:1em}.elementor-widget-text-editor .elementor-drop-cap{float:left;text-align:center;line-height:1;font-size:50px}.elementor-widget-text-editor .elementor-drop-cap-letter{display:inline-block}<\/style>\t\t\t\t<p style=\"text-align: center;\"><span style=\"color: #000000;\">B\u1ea1n l\u00e0 ng\u01b0\u1eddi m\u1edbi ch\u01b0a c\u00f3 kinh nghi\u1ec7m<\/span><\/p>\t\t\t\t\t\t<\/div>\n\t\t\t\t<\/div>\n\t\t\t\t<\/div>\n\t\t<div class=\"elementor-element elementor-element-89a4205 e-con-full e-flex e-con e-child\" data-id=\"89a4205\" data-element_type=\"container\">\n\t\t\t\t<div class=\"elementor-element elementor-element-7a211fb elementor-widget elementor-widget-text-editor\" data-id=\"7a211fb\" data-element_type=\"widget\" data-widget_type=\"text-editor.default\">\n\t\t\t\t<div class=\"elementor-widget-container\">\n\t\t\t\t\t\t\t<p style=\"text-align: center;\">B\u1ea1n l\u00e0 sinh vi\u00ean m\u1edbi ra tr\u01b0\u1eddng<\/p>\t\t\t\t\t\t<\/div>\n\t\t\t\t<\/div>\n\t\t\t\t<\/div>\n\t\t\t\t\t<\/div>\n\t\t\t\t<\/div>\n\t\t<div class=\"elementor-element elementor-element-d876a98 e-flex e-con-boxed e-con e-parent\" data-id=\"d876a98\" data-element_type=\"container\">\n\t\t\t\t\t<div class=\"e-con-inner\">\n\t\t\t\t<div class=\"elementor-element elementor-element-2fea1be2 elementor-widget__width-inherit elementor-widget elementor-widget-text-editor\" data-id=\"2fea1be2\" data-element_type=\"widget\" data-widget_type=\"text-editor.default\">\n\t\t\t\t<div class=\"elementor-widget-container\">\n\t\t\t\t\t\t\t<div dir=\"auto\"><p style=\"padding-left: 80px;\" data-start=\"120\" data-end=\"506\"><span style=\"color: #000000;\">Trong b\u1ed1i c\u1ea3nh th\u1ecb tr\u01b0\u1eddng giao nh\u1eadn v\u1eadn t\u1ea3i v\u00e0 Logistics ng\u00e0y c\u00e0ng ph\u00e1t tri\u1ec3n v\u00e0 l\u1edbn m\u1ea1nh \u0111\u00f2i h\u1ecfi c\u00e1c doanh nghi\u1ec7p ph\u1ea3i ph\u1ea3i c\u00f3 s\u1ef1 \u0111\u1ed9t ph\u00e1 th\u1eadt nhi\u1ec1u \u0111\u1ec3 n\u00e2ng cao n\u0103ng l\u1ef1c c\u1ea1nh tranh. M\u00e0 \u0111\u1ec3 doanh nghi\u1ec7p l\u1edbn m\u1ea1nh th\u00ec c\u00e1c h\u1ea1t nh\u00e2n c\u1ee7a doanh nghi\u1ec7p ph\u1ea3i th\u1eadt d\u0169ng m\u00e3nh, ki\u00ean tr\u00ec. Ch\u00ednh v\u00ec v\u1eady ch\u00fang t\u00f4i lu\u00f4n mong mu\u1ed1n c\u1ed9ng s\u1ef1 c\u1ee7a m\u00ecnh lu\u00f4n trong t\u01b0 th\u1ebf s\u1eb5n s\u00e0ng, c\u1ed1ng hi\u1ebfn h\u1ebft s\u1ee9c cho c\u00f4ng vi\u1ec7c \u0111\u1ec3 g\u00f3p ph\u1ea7n x\u00e2y d\u1ef1ng n\u00ean nh\u1eefng s\u1ea3n ph\u1ea9m ho\u00e0n h\u1ea3o nh\u1ea5t \u0111\u00e1p \u1ee9ng nhu c\u1ea7u kh\u00e1ch h\u00e0ng c\u0169ng nh\u01b0 \u0111\u00e1p \u1ee9ng nhu c\u1ea7u g\u00f3p ph\u1ea7n x\u00e2y d\u1ef1ng n\u00ean chu\u1ed7i h\u1ec7 th\u1ed1ng Logistics.<\/span><\/p><p style=\"padding-left: 80px; text-align: left;\" data-start=\"120\" data-end=\"506\"><span style=\"color: #000000;\"><span style=\"color: #008000;\"><strong>Smilelogs<\/strong><\/span> \u0111ang t\u00ecm ki\u1ebfm<span style=\"color: #ff6600;\"> nh\u1eefng b\u1ea1n tr\u1ebb nhi\u1ec7t huy\u1ebft, \u0111am m\u00ea l\u0129nh v\u1ef1c Logistics<\/span> \u0111\u1ec3 c\u00f9ng x\u00e2y d\u1ef1ng m\u1ed9t m\u00f4i tr\u01b0\u1eddng l\u00e0m vi\u1ec7c n\u0103ng \u0111\u1ed9ng v\u00e0 s\u00e1ng t\u1ea1o<strong data-start=\"120\" data-end=\"264\">.<\/strong> Ch\u00fang t\u00f4i kh\u00f4ng ch\u1ec9 cung c\u1ea5p gi\u1ea3i ph\u00e1p xu\u1ea5t nh\u1eadp kh\u1ea9u t\u1ed1i \u01b0u cho doanh nghi\u1ec7p m\u00e0 c\u00f2n cam k\u1ebft \u0111\u1ed3ng h\u00e0nh, t\u1ea1o \u0111i\u1ec1u ki\u1ec7n \u0111\u1ec3 b\u1ea1n ph\u00e1t tri\u1ec3n ngh\u1ec1 nghi\u1ec7p b\u1ec1n v\u1eefng. Gia nh\u1eadp Smilelogs \u2013 n\u01a1i t\u00e0i n\u0103ng c\u1ee7a b\u1ea1n \u0111\u01b0\u1ee3c tr\u00e2n tr\u1ecdng v\u00e0 ph\u00e1t huy \u0111\u00fang gi\u00e1 tr\u1ecb. <\/span><span style=\"color: #000000;\">V\u1edbi ch\u00ednh s\u00e1ch tuy\u1ec3n d\u1ee5ng \u0111a d\u1ea1ng h\u00f3a ngu\u1ed3n \u1ee9ng vi\u00ean, t\u1eeb c\u00f3 kinh nghi\u1ec7m, tr\u00ecnh \u0111\u1ed9 chuy\u00ean m\u00f4n cao \u0111\u1ebfn c\u00e1c b\u1ea1n sinh vi\u00ean m\u1edbi ra tr\u01b0\u1eddng nhi\u1ec7t huy\u1ebft cao, ham h\u1ecdc h\u1ecfi ch\u00fang t\u00f4i \u0111\u1ec1u t\u1ea1o \u0111i\u1ec1u ki\u1ec7n \u0111\u1ea7y \u0111\u1ee7 \u0111\u1ec3 c\u00e1c b\u1ea1n tr\u1ebb c\u00f3 th\u1ec3 khai ph\u00e1 \u0111\u01b0\u1ee3c s\u1ee9c m\u1ea1nh ti\u1ec1m t\u00e0ng trong m\u1ed7i con ng\u01b0\u1eddi.<\/span><\/p><\/div><div dir=\"auto\" style=\"padding-left: 80px;\">\u00a0<\/div><div id=\"row-2075745559\" class=\"row\" style=\"padding-left: 80px;\"><div class=\"col medium-7 small-12 large-7\" style=\"padding-left: 80px;\"><div class=\"col-inner\" style=\"padding-left: 80px;\"><div dir=\"auto\"><span style=\"color: #008000;\"><strong><em>M\u00d4I TR\u01af\u1edcNG T\u1ea0I SMILEOGS<\/em><\/strong><\/span><\/div><div dir=\"auto\"><ul><li><span style=\"color: #000000;\">M\u00f4i tr\u01b0\u1eddng l\u00e0m vi\u1ec7c n\u0103ng \u0111\u1ed9ng, hi\u1ec7u qu\u1ea3, ti\u1ebfn b\u1ed9.<\/span><\/li><li><span style=\"color: #000000;\">Trang thi\u1ebft b\u1ecb v\u00e0 ph\u01b0\u01a1ng ti\u1ec7n ph\u1ee5c v\u1ee5 cho c\u00f4ng vi\u1ec7c.<\/span><\/li><li><span style=\"color: #000000;\">Ch\u01b0\u01a1ng tr\u00ecnh \u0111\u00e0o t\u1ea1o d\u00e0nh cho th\u00e0nh vi\u00ean m\u1edbi trong giai \u0111o\u1ea1n th\u1eed vi\u1ec7c.<\/span><\/li><li><span style=\"color: #000000;\">Ch\u01b0\u01a1ng tr\u00ecnh \u0111\u00e0o t\u1ea1o trong su\u1ed1t th\u1eddi gian l\u00e0m vi\u1ec7c.<\/span><\/li><li><span style=\"color: #000000;\">Ti\u1ec1n l\u01b0\u01a1ng, ti\u1ec1n th\u01b0\u1edfng v\u00e0 c\u00e1c ph\u1ee5 c\u1ea5p kh\u00e1c.<\/span><\/li><li><span style=\"color: #000000;\">C\u01a1 h\u1ed9i th\u0103ng ti\u1ebfn.<\/span><\/li><li><span style=\"color: #000000;\">C\u00e1c ch\u1ebf \u0111\u1ed9 ngh\u1ec9 ph\u00e9p, ngh\u1ec9 m\u00e1t, ngh\u1ec9 v\u00e0o c\u00e1c d\u1ecbp l\u1ec5, T\u1ebft.<\/span><\/li><li><span style=\"color: #000000;\">B\u1ea3o hi\u1ec3m x\u00e3 h\u1ed9i, y t\u1ebf theo \u0111\u00fang Lu\u1eadt Lao \u0111\u1ed9ng c\u1ee7a n\u01b0\u1edbc Vi\u1ec7t Nam.<\/span><\/li><\/ul><\/div><p><span style=\"color: #000000;\">=<em>&gt; Xem Th\u00eam\u00a0<strong><a style=\"color: #000000;\" href=\"https:\/\/smilelogistics.vn\/?page_id=738\">Th\u00f4ng Tin Tuy\u1ec3n D\u1ee5ng<\/a><\/strong><\/em><\/span><\/p><\/div><\/div><\/div>\t\t\t\t\t\t<\/div>\n\t\t\t\t<\/div>\n\t\t\t\t\t<\/div>\n\t\t\t\t<\/div>\n\t\t\t\t<\/div>\n\t\t","protected":false},"excerpt":{"rendered":"<p>B\u1ea1n l\u00e0 ng\u01b0\u1eddi m\u1edbi ch\u01b0a c\u00f3 kinh nghi\u1ec7m B\u1ea1n l\u00e0 sinh vi\u00ean m\u1edbi ra tr\u01b0\u1eddng Trong b\u1ed1i c\u1ea3nh th\u1ecb tr\u01b0\u1eddng giao nh\u1eadn v\u1eadn t\u1ea3i v\u00e0 Logistics ng\u00e0y c\u00e0ng ph\u00e1t tri\u1ec3n v\u00e0 l\u1edbn m\u1ea1nh \u0111\u00f2i h\u1ecfi c\u00e1c doanh nghi\u1ec7p ph\u1ea3i ph\u1ea3i c\u00f3 s\u1ef1 \u0111\u1ed9t ph\u00e1 th\u1eadt nhi\u1ec1u \u0111\u1ec3 n\u00e2ng cao n\u0103ng l\u1ef1c c\u1ea1nh tranh. M\u00e0 \u0111\u1ec3&hellip;&nbsp;<a href=\"https:\/\/smilelogistics.vn\/?page_id=736\" class=\"\" rel=\"bookmark\">\u0110\u1ecdc ti\u1ebfp &raquo;<span class=\"screen-reader-text\">M\u00f4i Tr\u01b0\u1eddng  L\u00e0m Vi\u1ec7c<\/span><\/a><\/p>\n","protected":false},"author":1,"featured_media":0,"parent":0,"menu_order":0,"comment_status":"closed","ping_status":"closed","template":"","meta":{"neve_meta_sidebar":"","neve_meta_container":"","neve_meta_enable_content_width":"off","neve_meta_content_width":100,"neve_meta_title_alignment":"","neve_meta_author_avatar":"","neve_post_elements_order":"","neve_meta_disable_header":"","neve_meta_disable_footer":"","neve_meta_disable_title":"","_themeisle_gutenberg_block_has_review":false,"_ti_tpc_template_sync":false,"_ti_tpc_template_id":"","footnotes":""},"class_list":["post-736","page","type-page","status-publish","hentry"],"_links":{"self":[{"href":"https:\/\/smilelogistics.vn\/index.php?rest_route=\/wp\/v2\/pages\/736","targetHints":{"allow":["GET"]}}],"collection":[{"href":"https:\/\/smilelogistics.vn\/index.php?rest_route=\/wp\/v2\/pages"}],"about":[{"href":"https:\/\/smilelogistics.vn\/index.php?rest_route=\/wp\/v2\/types\/page"}],"author":[{"embeddable":true,"href":"https:\/\/smilelogistics.vn\/index.php?rest_route=\/wp\/v2\/users\/1"}],"replies":[{"embeddable":true,"href":"https:\/\/smilelogistics.vn\/index.php?rest_route=%2Fwp%2Fv2%2Fcomments&post=736"}],"version-history":[{"count":16,"href":"https:\/\/smilelogistics.vn\/index.php?rest_route=\/wp\/v2\/pages\/736\/revisions"}],"predecessor-version":[{"id":1431,"href":"https:\/\/smilelogistics.vn\/index.php?rest_route=\/wp\/v2\/pages\/736\/revisions\/1431"}],"wp:attachment":[{"href":"https:\/\/smilelogistics.vn\/index.php?rest_route=%2Fwp%2Fv2%2Fmedia&parent=736"}],"curies":[{"name":"wp","href":"https:\/\/api.w.org\/{rel}","templated":true}]}}