{"id":70,"date":"2024-06-11T14:54:18","date_gmt":"2024-06-11T14:54:18","guid":{"rendered":"https:\/\/smilelogistics.vn\/?page_id=70"},"modified":"2025-07-19T02:25:39","modified_gmt":"2025-07-19T02:25:39","slug":"quy-trinh-lam-hang","status":"publish","type":"page","link":"https:\/\/smilelogistics.vn\/?page_id=70","title":{"rendered":"QUY TR\u00ccNH L\u00c0M H\u00c0NG"},"content":{"rendered":"\t\t<div data-elementor-type=\"wp-page\" data-elementor-id=\"70\" class=\"elementor elementor-70\" data-elementor-post-type=\"page\">\n\t\t\t\t<div class=\"elementor-element elementor-element-3300bb2 e-flex e-con-boxed e-con e-parent\" data-id=\"3300bb2\" data-element_type=\"container\">\n\t\t\t\t\t<div class=\"e-con-inner\">\n\t\t\t\t<div class=\"elementor-element elementor-element-1670b70 elementor-widget elementor-widget-text-editor\" data-id=\"1670b70\" data-element_type=\"widget\" data-widget_type=\"text-editor.default\">\n\t\t\t\t<div class=\"elementor-widget-container\">\n\t\t\t<style>\/*! elementor - v3.22.0 - 17-06-2024 *\/\n.elementor-widget-text-editor.elementor-drop-cap-view-stacked .elementor-drop-cap{background-color:#69727d;color:#fff}.elementor-widget-text-editor.elementor-drop-cap-view-framed .elementor-drop-cap{color:#69727d;border:3px solid;background-color:transparent}.elementor-widget-text-editor:not(.elementor-drop-cap-view-default) .elementor-drop-cap{margin-top:8px}.elementor-widget-text-editor:not(.elementor-drop-cap-view-default) .elementor-drop-cap-letter{width:1em;height:1em}.elementor-widget-text-editor .elementor-drop-cap{float:left;text-align:center;line-height:1;font-size:50px}.elementor-widget-text-editor .elementor-drop-cap-letter{display:inline-block}<\/style>\t\t\t\t<p style=\"text-align: left; padding-left: 40px;\"><strong><span style=\"color: #ff6600;\">QUY TR\u00ccNH XU\u1ea4T NH\u1eacP KH\u1ea8U H\u00c0NG HO\u00c1<\/span><\/strong><\/p>\t\t\t\t\t\t<\/div>\n\t\t\t\t<\/div>\n\t\t\t\t\t<\/div>\n\t\t\t\t<\/div>\n\t\t<div class=\"elementor-element elementor-element-b19e610 e-flex e-con-boxed e-con e-parent\" data-id=\"b19e610\" data-element_type=\"container\">\n\t\t\t\t\t<div class=\"e-con-inner\">\n\t\t\t\t<div class=\"elementor-element elementor-element-219e861 elementor--h-position-center elementor--v-position-middle elementor-arrows-position-inside elementor-pagination-position-inside elementor-widget elementor-widget-slides\" data-id=\"219e861\" data-element_type=\"widget\" data-settings=\"{&quot;navigation&quot;:&quot;both&quot;,&quot;autoplay&quot;:&quot;yes&quot;,&quot;pause_on_hover&quot;:&quot;yes&quot;,&quot;pause_on_interaction&quot;:&quot;yes&quot;,&quot;autoplay_speed&quot;:5000,&quot;infinite&quot;:&quot;yes&quot;,&quot;transition&quot;:&quot;slide&quot;,&quot;transition_speed&quot;:500}\" data-widget_type=\"slides.default\">\n\t\t\t\t<div class=\"elementor-widget-container\">\n\t\t\t<style>\/*! elementor-pro - v3.21.0 - 20-05-2024 *\/\n.elementor-slides .swiper-slide-bg{background-size:cover;background-position:50%;background-repeat:no-repeat;min-width:100%;min-height:100%}.elementor-slides .swiper-slide-inner{background-repeat:no-repeat;background-position:50%;position:absolute;top:0;left:0;bottom:0;right:0;padding:50px;margin:auto}.elementor-slides .swiper-slide-inner,.elementor-slides .swiper-slide-inner:hover{color:#fff;display:flex}.elementor-slides .swiper-slide-inner .elementor-background-overlay{position:absolute;z-index:0;top:0;bottom:0;left:0;right:0}.elementor-slides .swiper-slide-inner .elementor-slide-content{position:relative;z-index:1;width:100%}.elementor-slides .swiper-slide-inner .elementor-slide-heading{font-size:35px;font-weight:700;line-height:1}.elementor-slides .swiper-slide-inner .elementor-slide-description{font-size:17px;line-height:1.4}.elementor-slides .swiper-slide-inner .elementor-slide-description:not(:last-child),.elementor-slides .swiper-slide-inner .elementor-slide-heading:not(:last-child){margin-bottom:30px}.elementor-slides .swiper-slide-inner .elementor-slide-button{border:2px solid #fff;color:#fff;background:transparent;display:inline-block}.elementor-slides .swiper-slide-inner .elementor-slide-button,.elementor-slides .swiper-slide-inner .elementor-slide-button:hover{background:transparent;color:inherit;text-decoration:none}.elementor--v-position-top .swiper-slide-inner{align-items:flex-start}.elementor--v-position-bottom .swiper-slide-inner{align-items:flex-end}.elementor--v-position-middle .swiper-slide-inner{align-items:center}.elementor--h-position-left .swiper-slide-inner{justify-content:flex-start}.elementor--h-position-right .swiper-slide-inner{justify-content:flex-end}.elementor--h-position-center .swiper-slide-inner{justify-content:center}body.rtl .elementor-widget-slides .elementor-swiper-button-next{left:10px;right:auto}body.rtl .elementor-widget-slides .elementor-swiper-button-prev{right:10px;left:auto}.elementor-slides-wrapper div:not(.swiper-slide)>.swiper-slide-inner{display:none}@media (max-width:767px){.elementor-slides .swiper-slide-inner{padding:30px}.elementor-slides .swiper-slide-inner .elementor-slide-heading{font-size:23px;line-height:1;margin-bottom:15px}.elementor-slides .swiper-slide-inner .elementor-slide-description{font-size:13px;line-height:1.4;margin-bottom:15px}}<\/style>\t\t<div class=\"elementor-swiper\">\n\t\t\t<div class=\"elementor-slides-wrapper elementor-main-swiper swiper\" dir=\"ltr\" data-animation=\"fadeInUp\">\n\t\t\t\t<div class=\"swiper-wrapper elementor-slides\">\n\t\t\t\t\t\t\t\t\t\t<div class=\"elementor-repeater-item-446f259 swiper-slide\"><div class=\"swiper-slide-bg\" role=\"img\"><\/div><div class=\"swiper-slide-inner\" ><div class=\"swiper-slide-contents\"><\/div><\/div><\/div><div class=\"elementor-repeater-item-08dc2cd swiper-slide\"><div class=\"swiper-slide-bg\" role=\"img\"><\/div><div class=\"swiper-slide-inner\" ><div class=\"swiper-slide-contents\"><\/div><\/div><\/div><div class=\"elementor-repeater-item-2689a0d swiper-slide\"><div class=\"swiper-slide-bg\" role=\"img\"><\/div><div class=\"swiper-slide-inner\" ><div class=\"swiper-slide-contents\"><\/div><\/div><\/div>\t\t\t\t<\/div>\n\t\t\t\t\t\t\t\t\t\t\t\t\t\t\t<div class=\"swiper-pagination\"><\/div>\n\t\t\t\t\t\t\t\t\t\t\t\t\t\t\t\t<div class=\"elementor-swiper-button elementor-swiper-button-prev\" role=\"button\" tabindex=\"0\">\n\t\t\t\t\t\t\t<svg aria-hidden=\"true\" class=\"e-font-icon-svg e-eicon-chevron-left\" viewBox=\"0 0 1000 1000\" xmlns=\"http:\/\/www.w3.org\/2000\/svg\"><path d=\"M646 125C629 125 613 133 604 142L308 442C296 454 292 471 292 487 292 504 296 521 308 533L604 854C617 867 629 875 646 875 663 875 679 871 692 858 704 846 713 829 713 812 713 796 708 779 692 767L438 487 692 225C700 217 708 204 708 187 708 171 704 154 692 142 675 129 663 125 646 125Z\"><\/path><\/svg>\t\t\t\t\t\t\t<span class=\"elementor-screen-only\">Previous slide<\/span>\n\t\t\t\t\t\t<\/div>\n\t\t\t\t\t\t<div class=\"elementor-swiper-button elementor-swiper-button-next\" role=\"button\" tabindex=\"0\">\n\t\t\t\t\t\t\t<svg aria-hidden=\"true\" class=\"e-font-icon-svg e-eicon-chevron-right\" viewBox=\"0 0 1000 1000\" xmlns=\"http:\/\/www.w3.org\/2000\/svg\"><path d=\"M696 533C708 521 713 504 713 487 713 471 708 454 696 446L400 146C388 133 375 125 354 125 338 125 325 129 313 142 300 154 292 171 292 187 292 204 296 221 308 233L563 492 304 771C292 783 288 800 288 817 288 833 296 850 308 863 321 871 338 875 354 875 371 875 388 867 400 854L696 533Z\"><\/path><\/svg>\t\t\t\t\t\t\t<span class=\"elementor-screen-only\">Next slide<\/span>\n\t\t\t\t\t\t<\/div>\n\t\t\t\t\t\t\t\t\t\t\t\t<\/div>\n\t\t<\/div>\n\t\t\t\t<\/div>\n\t\t\t\t<\/div>\n\t\t\t\t<div class=\"elementor-element elementor-element-70841b9 elementor-widget elementor-widget-text-editor\" data-id=\"70841b9\" data-element_type=\"widget\" data-widget_type=\"text-editor.default\">\n\t\t\t\t<div class=\"elementor-widget-container\">\n\t\t\t\t\t\t\t<h3 style=\"padding-left: 40px;\"><span style=\"color: #008000;\"><strong>Xu\u1ea5t kh\u1ea9u h\u00e0ng h\u00f3a<\/strong><\/span><\/h3><ol><li style=\"list-style-type: none;\"><ol><li><span style=\"color: #000000;\"><strong>\u0110\u0103ng k\u00fd xu\u1ea5t kh\u1ea9u<\/strong>: Doanh nghi\u1ec7p c\u1ea7n \u0111\u0103ng k\u00fd v\u1edbi c\u01a1 quan ch\u1ee9c n\u0103ng \u0111\u1ec3 \u0111\u01b0\u1ee3c c\u1ea5p gi\u1ea5y ph\u00e9p xu\u1ea5t kh\u1ea9u.<\/span><\/li><li><span style=\"color: #000000;\"><strong>Chu\u1ea9n b\u1ecb h\u1ed3 s\u01a1 xu\u1ea5t kh\u1ea9u<\/strong>: Bao g\u1ed3m c\u00e1c t\u00e0i li\u1ec7u nh\u01b0 h\u1ee3p \u0111\u1ed3ng mua b\u00e1n, h\u00f3a \u0111\u01a1n xu\u1ea5t kh\u1ea9u, danh s\u00e1ch h\u00e0ng h\u00f3a, v\u1eadn \u0111\u01a1n, ch\u1ee9ng nh\u1eadn xu\u1ea5t x\u1ee9 (n\u1ebfu c\u00f3), v\u00e0 c\u00e1c gi\u1ea5y t\u1edd li\u00ean quan kh\u00e1c.<\/span><\/li><li><span style=\"color: #000000;\"><strong>Th\u1ef1c hi\u1ec7n th\u1ee7 t\u1ee5c h\u1ea3i quan<\/strong>: L\u00ean\u00a0t\u1edd khai xu\u1ea5t kh\u1ea9u v\u00e0 n\u1ed9p cho c\u01a1 quan h\u1ea3i quan \u0111\u1ec3 ki\u1ec3m tra, x\u00e9t duy\u1ec7t v\u00e0 th\u00f4ng quan.<\/span><\/li><li><span style=\"color: #000000;\"><strong>V\u1eadn chuy\u1ec3n h\u00e0ng h\u00f3a<\/strong>: Ch\u1ecdn ph\u01b0\u01a1ng ti\u1ec7n v\u1eadn chuy\u1ec3n ph\u00f9 h\u1ee3p (\u0111\u01b0\u1eddng b\u1ed9, \u0111\u01b0\u1eddng bi\u1ec3n, \u0111\u01b0\u1eddng h\u00e0ng kh\u00f4ng) v\u00e0 b\u1ea3o \u0111\u1ea3m c\u00e1c y\u1ebfu t\u1ed1 li\u00ean quan \u0111\u1ebfn \u0111\u00f3 nh\u01b0 b\u1ea3o hi\u1ec3m, giao nh\u1eadn.<\/span><\/li><li><span style=\"color: #000000;\"><strong>Thanh to\u00e1n v\u00e0 ho\u00e0n th\u00e0nh giao d\u1ecbch<\/strong>: \u0110\u1ea3m b\u1ea3o thanh to\u00e1n t\u1eeb b\u00ean mua v\u00e0 ho\u00e0n th\u00e0nh c\u00e1c \u0111i\u1ec1u kho\u1ea3n h\u1ee3p \u0111\u1ed3ng.<\/span><\/li><\/ol><\/li><\/ol><h3 style=\"padding-left: 40px;\"><span style=\"color: #008000;\">Nh\u1eadp kh\u1ea9u h\u00e0ng h\u00f3a<\/span><\/h3><ol><li style=\"list-style-type: none;\"><ol><li><span style=\"color: #000000;\"><strong>\u0110\u0103ng k\u00fd nh\u1eadp kh\u1ea9u<\/strong>: Nh\u1eadp kh\u1ea9u c\u1ea7n \u0111\u01b0\u1ee3c \u0111\u0103ng k\u00fd v\u1edbi c\u01a1 quan ch\u1ee9c n\u0103ng \u0111\u1ec3 \u0111\u01b0\u1ee3c c\u1ea5p gi\u1ea5y ph\u00e9p nh\u1eadp kh\u1ea9u.<\/span><\/li><li><span style=\"color: #000000;\"><strong>Chu\u1ea9n b\u1ecb h\u1ed3 s\u01a1 nh\u1eadp kh\u1ea9u<\/strong>: Bao g\u1ed3m c\u00e1c t\u00e0i li\u1ec7u nh\u01b0 h\u1ee3p \u0111\u1ed3ng mua b\u00e1n, h\u00f3a \u0111\u01a1n nh\u1eadp kh\u1ea9u, danh s\u00e1ch h\u00e0ng h\u00f3a, ch\u1ee9ng nh\u1eadn xu\u1ea5t x\u1ee9 (n\u1ebfu c\u1ea7n) v\u00e0 c\u00e1c gi\u1ea5y t\u1edd li\u00ean quan.<\/span><\/li><li><span style=\"color: #000000;\"><strong>Th\u1ef1c hi\u1ec7n th\u1ee7 t\u1ee5c h\u1ea3i quan<\/strong>: L\u00ean t\u1edd khai nh\u1eadp kh\u1ea9u v\u00e0 n\u1ed9p cho c\u01a1 quan h\u1ea3i quan \u0111\u1ec3 ki\u1ec3m tra, x\u00e9t duy\u1ec7t v\u00e0 th\u00f4ng quan.<\/span><\/li><li><span style=\"color: #000000;\"><strong>V\u1eadn chuy\u1ec3n h\u00e0ng h\u00f3a<\/strong>: Qu\u1ea3n l\u00fd qu\u00e1 tr\u00ecnh v\u1eadn chuy\u1ec3n t\u1eeb n\u01a1i s\u1ea3n xu\u1ea5t \u0111\u1ebfn c\u1ea3ng\/\u0111i\u1ec3m nh\u1eadp kh\u1ea9u.<\/span><\/li><li><span style=\"color: #000000;\"><strong>Thanh to\u00e1n v\u00e0 ho\u00e0n th\u00e0nh giao d\u1ecbch<\/strong>: \u0110\u1ea3m b\u1ea3o thanh to\u00e1n cho b\u00ean b\u00e1n v\u00e0 ho\u00e0n th\u00e0nh c\u00e1c \u0111i\u1ec1u kho\u1ea3n h\u1ee3p \u0111\u1ed3ng.<\/span><\/li><\/ol><\/li><\/ol><h3 style=\"padding-left: 40px;\"><span style=\"color: #ff0000;\">L\u01b0u \u00fd quan tr\u1ecdng<\/span><\/h3><ul><li style=\"list-style-type: none;\"><ul><li><span style=\"color: #000000;\"><strong>Quy \u0111\u1ecbnh ph\u00e1p l\u00fd<\/strong>: Theo d\u00f5i v\u00e0 tu\u00e2n th\u1ee7 c\u00e1c quy \u0111\u1ecbnh ph\u00e1p lu\u1eadt li\u00ean quan \u0111\u1ebfn xu\u1ea5t nh\u1eadp kh\u1ea9u.<\/span><\/li><li><span style=\"color: #000000;\"><strong>\u0110i\u1ec1u ki\u1ec7n \u0111\u1eb7c bi\u1ec7t<\/strong>: \u0110\u1ed1i v\u1edbi m\u1ed9t s\u1ed1 lo\u1ea1i h\u00e0ng h\u00f3a nh\u1ea5t \u0111\u1ecbnh, c\u00f3 th\u1ec3 c\u00f3 y\u00eau c\u1ea7u ch\u1ee9ng nh\u1eadn xu\u1ea5t x\u1ee9, ch\u1ee9ng nh\u1eadn ch\u1ea5t l\u01b0\u1ee3ng, v\u1ec7 sinh an to\u00e0n th\u1ef1c ph\u1ea9m, &#8230;<\/span><\/li><\/ul><\/li><\/ul><p style=\"padding-left: 80px; text-align: center;\"><span style=\"color: #000000;\"><em><strong>Quy tr\u00ecnh c\u1ee5 th\u1ec3 c\u00f3 th\u1ec3 kh\u00e1c nhau t\u00f9y theo t\u1eebng qu\u1ed1c gia v\u00e0 t\u1eebng ng\u00e0nh h\u00e0ng c\u1ee5 th\u1ec3. <\/strong><\/em><\/span><span style=\"color: #000000;\"><em><strong>Vi\u1ec7c th\u1ef1c hi\u1ec7n \u0111\u00fang quy tr\u00ecnh s\u1ebd gi\u00fap doanh nghi\u1ec7p tr\u00e1nh \u0111\u01b0\u1ee3c c\u00e1c r\u1ee7i ro ph\u00e1p l\u00fd v\u00e0 t\u1ed1i \u01b0u h\u00f3a ho\u1ea1t \u0111\u1ed9ng kinh doanh qu\u1ed1c t\u1ebf c\u1ee7a m\u00ecnh.<\/strong><\/em><\/span><\/p>\t\t\t\t\t\t<\/div>\n\t\t\t\t<\/div>\n\t\t\t\t<div class=\"elementor-element elementor-element-dff3b01 elementor-widget__width-inherit elementor-widget elementor-widget-image\" data-id=\"dff3b01\" data-element_type=\"widget\" data-widget_type=\"image.default\">\n\t\t\t\t<div class=\"elementor-widget-container\">\n\t\t\t<style>\/*! elementor - v3.22.0 - 17-06-2024 *\/\n.elementor-widget-image{text-align:center}.elementor-widget-image a{display:inline-block}.elementor-widget-image a img[src$=\".svg\"]{width:48px}.elementor-widget-image img{vertical-align:middle;display:inline-block}<\/style>\t\t\t\t\t\t\t\t\t\t<img fetchpriority=\"high\" decoding=\"async\" width=\"1024\" height=\"768\" src=\"https:\/\/mlcwjhqv1z3n.i.optimole.com\/w:1024\/h:768\/q:mauto\/ig:avif\/https:\/\/smilelogistics.vn\/wp-content\/uploads\/2024\/06\/xe-cont.jpg\" class=\"attachment-large size-large wp-image-434\" alt=\"\" srcset=\"https:\/\/mlcwjhqv1z3n.i.optimole.com\/w:1024\/h:768\/q:mauto\/ig:avif\/https:\/\/smilelogistics.vn\/wp-content\/uploads\/2024\/06\/xe-cont.jpg 1024w, https:\/\/mlcwjhqv1z3n.i.optimole.com\/w:300\/h:225\/q:mauto\/ig:avif\/https:\/\/smilelogistics.vn\/wp-content\/uploads\/2024\/06\/xe-cont.jpg 300w, https:\/\/mlcwjhqv1z3n.i.optimole.com\/w:768\/h:576\/q:mauto\/ig:avif\/https:\/\/smilelogistics.vn\/wp-content\/uploads\/2024\/06\/xe-cont.jpg 768w, https:\/\/mlcwjhqv1z3n.i.optimole.com\/w:1440\/h:1080\/q:mauto\/ig:avif\/https:\/\/smilelogistics.vn\/wp-content\/uploads\/2024\/06\/xe-cont.jpg 1536w, https:\/\/mlcwjhqv1z3n.i.optimole.com\/w:1440\/h:1080\/q:mauto\/ig:avif\/https:\/\/smilelogistics.vn\/wp-content\/uploads\/2024\/06\/xe-cont.jpg 2048w\" sizes=\"(max-width: 1024px) 100vw, 1024px\" \/>\t\t\t\t\t\t\t\t\t\t\t\t\t<\/div>\n\t\t\t\t<\/div>\n\t\t\t\t\t<\/div>\n\t\t\t\t<\/div>\n\t\t\t\t<\/div>\n\t\t","protected":false},"excerpt":{"rendered":"<p>QUY TR\u00ccNH XU\u1ea4T NH\u1eacP KH\u1ea8U H\u00c0NG HO\u00c1 Previous slide Next slide Xu\u1ea5t kh\u1ea9u h\u00e0ng h\u00f3a \u0110\u0103ng k\u00fd xu\u1ea5t kh\u1ea9u: Doanh nghi\u1ec7p c\u1ea7n \u0111\u0103ng k\u00fd v\u1edbi c\u01a1 quan ch\u1ee9c n\u0103ng \u0111\u1ec3 \u0111\u01b0\u1ee3c c\u1ea5p gi\u1ea5y ph\u00e9p xu\u1ea5t kh\u1ea9u. Chu\u1ea9n b\u1ecb h\u1ed3 s\u01a1 xu\u1ea5t kh\u1ea9u: Bao g\u1ed3m c\u00e1c t\u00e0i li\u1ec7u nh\u01b0 h\u1ee3p \u0111\u1ed3ng mua b\u00e1n, h\u00f3a \u0111\u01a1n xu\u1ea5t&hellip;&nbsp;<a href=\"https:\/\/smilelogistics.vn\/?page_id=70\" class=\"\" rel=\"bookmark\">\u0110\u1ecdc ti\u1ebfp &raquo;<span class=\"screen-reader-text\">QUY TR\u00ccNH L\u00c0M H\u00c0NG<\/span><\/a><\/p>\n","protected":false},"author":1,"featured_media":0,"parent":0,"menu_order":0,"comment_status":"closed","ping_status":"closed","template":"","meta":{"neve_meta_sidebar":"","neve_meta_container":"","neve_meta_enable_content_width":"off","neve_meta_content_width":100,"neve_meta_title_alignment":"","neve_meta_author_avatar":"","neve_post_elements_order":"","neve_meta_disable_header":"on","neve_meta_disable_footer":"","neve_meta_disable_title":"on","_themeisle_gutenberg_block_has_review":false,"_ti_tpc_template_sync":false,"_ti_tpc_template_id":"","footnotes":""},"class_list":["post-70","page","type-page","status-publish","hentry"],"_links":{"self":[{"href":"https:\/\/smilelogistics.vn\/index.php?rest_route=\/wp\/v2\/pages\/70","targetHints":{"allow":["GET"]}}],"collection":[{"href":"https:\/\/smilelogistics.vn\/index.php?rest_route=\/wp\/v2\/pages"}],"about":[{"href":"https:\/\/smilelogistics.vn\/index.php?rest_route=\/wp\/v2\/types\/page"}],"author":[{"embeddable":true,"href":"https:\/\/smilelogistics.vn\/index.php?rest_route=\/wp\/v2\/users\/1"}],"replies":[{"embeddable":true,"href":"https:\/\/smilelogistics.vn\/index.php?rest_route=%2Fwp%2Fv2%2Fcomments&post=70"}],"version-history":[{"count":23,"href":"https:\/\/smilelogistics.vn\/index.php?rest_route=\/wp\/v2\/pages\/70\/revisions"}],"predecessor-version":[{"id":1463,"href":"https:\/\/smilelogistics.vn\/index.php?rest_route=\/wp\/v2\/pages\/70\/revisions\/1463"}],"wp:attachment":[{"href":"https:\/\/smilelogistics.vn\/index.php?rest_route=%2Fwp%2Fv2%2Fmedia&parent=70"}],"curies":[{"name":"wp","href":"https:\/\/api.w.org\/{rel}","templated":true}]}}