{"id":52,"date":"2024-06-09T15:17:37","date_gmt":"2024-06-09T15:17:37","guid":{"rendered":"https:\/\/smilelogistics.vn\/?page_id=52"},"modified":"2025-07-19T02:37:58","modified_gmt":"2025-07-19T02:37:58","slug":"van-ban-luat-tthq","status":"publish","type":"page","link":"https:\/\/smilelogistics.vn\/?page_id=52","title":{"rendered":"V\u0102N B\u1ea2N LU\u1eacT TTHQ"},"content":{"rendered":"\t\t<div data-elementor-type=\"wp-page\" data-elementor-id=\"52\" class=\"elementor elementor-52\" data-elementor-post-type=\"page\">\n\t\t\t\t<div class=\"elementor-element elementor-element-d579754 e-flex e-con-boxed e-con e-parent\" data-id=\"d579754\" data-element_type=\"container\">\n\t\t\t\t\t<div class=\"e-con-inner\">\n\t\t\t\t<div class=\"elementor-element elementor-element-69f8756 elementor-widget elementor-widget-image\" data-id=\"69f8756\" data-element_type=\"widget\" data-widget_type=\"image.default\">\n\t\t\t\t<div class=\"elementor-widget-container\">\n\t\t\t<style>\/*! elementor - v3.22.0 - 17-06-2024 *\/\n.elementor-widget-image{text-align:center}.elementor-widget-image a{display:inline-block}.elementor-widget-image a img[src$=\".svg\"]{width:48px}.elementor-widget-image img{vertical-align:middle;display:inline-block}<\/style>\t\t\t\t\t\t\t\t\t\t<img fetchpriority=\"high\" decoding=\"async\" width=\"612\" height=\"365\" src=\"https:\/\/mlcwjhqv1z3n.i.optimole.com\/w:auto\/h:auto\/q:mauto\/ig:avif\/https:\/\/smilelogistics.vn\/wp-content\/uploads\/2024\/07\/1.jpg\" class=\"attachment-large size-large wp-image-716\" alt=\"\" srcset=\"https:\/\/mlcwjhqv1z3n.i.optimole.com\/w:auto\/h:auto\/q:mauto\/ig:avif\/https:\/\/smilelogistics.vn\/wp-content\/uploads\/2024\/07\/1.jpg 612w, https:\/\/mlcwjhqv1z3n.i.optimole.com\/w:300\/h:179\/q:mauto\/ig:avif\/https:\/\/smilelogistics.vn\/wp-content\/uploads\/2024\/07\/1.jpg 300w\" sizes=\"(max-width: 612px) 100vw, 612px\" \/>\t\t\t\t\t\t\t\t\t\t\t\t\t<\/div>\n\t\t\t\t<\/div>\n\t\t\t\t<div class=\"elementor-element elementor-element-ef01888 elementor-widget elementor-widget-text-editor\" data-id=\"ef01888\" data-element_type=\"widget\" data-widget_type=\"text-editor.default\">\n\t\t\t\t<div class=\"elementor-widget-container\">\n\t\t\t<style>\/*! elementor - v3.22.0 - 17-06-2024 *\/\n.elementor-widget-text-editor.elementor-drop-cap-view-stacked .elementor-drop-cap{background-color:#69727d;color:#fff}.elementor-widget-text-editor.elementor-drop-cap-view-framed .elementor-drop-cap{color:#69727d;border:3px solid;background-color:transparent}.elementor-widget-text-editor:not(.elementor-drop-cap-view-default) .elementor-drop-cap{margin-top:8px}.elementor-widget-text-editor:not(.elementor-drop-cap-view-default) .elementor-drop-cap-letter{width:1em;height:1em}.elementor-widget-text-editor .elementor-drop-cap{float:left;text-align:center;line-height:1;font-size:50px}.elementor-widget-text-editor .elementor-drop-cap-letter{display:inline-block}<\/style>\t\t\t\t<p><span style=\"color: #000000;\">\u00a0<\/span><\/p><p><span style=\"color: #000000;\">V\u0103n b\u1ea3n Lu\u1eadt Th\u1ee7 t\u1ee5c H\u1ea3i quan l\u00e0 m\u1ed9t ph\u1ea7n quan tr\u1ecdng trong h\u1ec7 th\u1ed1ng ph\u00e1p lu\u1eadt c\u1ee7a m\u1ed7i qu\u1ed1c gia, qu\u1ea3n l\u00fd v\u00e0 \u0111i\u1ec1u h\u00e0nh c\u00e1c ho\u1ea1t \u0111\u1ed9ng nh\u1eadp kh\u1ea9u v\u00e0 xu\u1ea5t kh\u1ea9u h\u00e0ng h\u00f3a qua bi\u00ean gi\u1edbi qu\u1ed1c gia. \u0110\u01b0\u1ee3c thi\u1ebft l\u1eadp \u0111\u1ec3 cung c\u1ea5p khung ph\u00e1p l\u00fd r\u00f5 r\u00e0ng v\u00e0 nh\u1ea5t qu\u00e1n, v\u0103n b\u1ea3n n\u00e0y quy \u0111\u1ecbnh c\u00e1c quy tr\u00ecnh v\u00e0 n\u1ed9i dung c\u1ee5 th\u1ec3 m\u00e0 c\u00e1c doanh nghi\u1ec7p v\u00e0 c\u00e1 nh\u00e2n c\u1ea7n tu\u00e2n th\u1ee7 khi tham gia v\u00e0o c\u00e1c ho\u1ea1t \u0111\u1ed9ng h\u1ea3i quan.<\/span><\/p><h3><span style=\"color: #000000;\">Ch\u1ee9c n\u0103ng c\u1ee7a Lu\u1eadt Th\u1ee7 t\u1ee5c H\u1ea3i quan<\/span><\/h3><p><span style=\"color: #000000;\">Lu\u1eadt Th\u1ee7 t\u1ee5c H\u1ea3i quan nh\u1eb1m \u0111\u1ea3m b\u1ea3o s\u1ef1 linh ho\u1ea1t v\u00e0 hi\u1ec7u qu\u1ea3 trong qu\u1ea3n l\u00fd h\u1ea3i quan, th\u00f4ng qua c\u00e1c \u0111i\u1ec1u ch\u1ec9nh nh\u01b0:<\/span><\/p><ul><li><p><span style=\"color: #000000;\"><strong>Qu\u1ea3n l\u00fd bi\u00ean gi\u1edbi<\/strong>: \u0110i\u1ec1u ch\u1ec9nh v\u00e0 ki\u1ec3m so\u00e1t l\u01b0u th\u00f4ng h\u00e0ng h\u00f3a qua bi\u00ean gi\u1edbi qu\u1ed1c gia, b\u1ea3o v\u1ec7 ch\u1ee7 quy\u1ec1n qu\u1ed1c gia v\u00e0 ng\u0103n ng\u1eeba c\u00e1c ho\u1ea1t \u0111\u1ed9ng bu\u00f4n l\u1eadu.<\/span><\/p><\/li><li><p><span style=\"color: #000000;\"><strong>Thu thu\u1ebf v\u00e0 ph\u00ed<\/strong>: \u0110\u1ecbnh r\u00f5 c\u00e1c lo\u1ea1i thu\u1ebf, ph\u00ed v\u00e0 chi ph\u00ed li\u00ean quan \u0111\u1ebfn nh\u1eadp kh\u1ea9u v\u00e0 xu\u1ea5t kh\u1ea9u h\u00e0ng h\u00f3a, nh\u1eb1m t\u0103ng c\u01b0\u1eddng ngu\u1ed3n thu ng\u00e2n s\u00e1ch qu\u1ed1c gia.<\/span><\/p><\/li><li><p><span style=\"color: #000000;\"><strong>C\u1ea3i thi\u1ec7n th\u01b0\u01a1ng m\u1ea1i qu\u1ed1c t\u1ebf<\/strong>: Gi\u00fap c\u1ea3i thi\u1ec7n m\u00f4i tr\u01b0\u1eddng th\u01b0\u01a1ng m\u1ea1i qu\u1ed1c t\u1ebf, th\u00fac \u0111\u1ea9y s\u1ef1 ph\u00e1t tri\u1ec3n kinh t\u1ebf v\u00e0 h\u1ee3p t\u00e1c qu\u1ed1c t\u1ebf th\u00f4ng qua vi\u1ec7c gi\u1ea3m thi\u1ec3u r\u00e0o c\u1ea3n th\u01b0\u01a1ng m\u1ea1i.<\/span><\/p><\/li><li><p><span style=\"color: #000000;\"><strong>B\u1ea3o v\u1ec7 an ninh qu\u1ed1c gia<\/strong>: \u0110\u1ea3m b\u1ea3o an ninh v\u00e0 an to\u00e0n qu\u1ed1c gia, ng\u0103n ch\u1eb7n c\u00e1c nguy c\u01a1 an ninh t\u1eeb vi\u1ec7c l\u01b0u th\u00f4ng h\u00e0ng h\u00f3a.<\/span><\/p><\/li><\/ul><h3><span style=\"color: #000000;\">N\u1ed9i dung c\u1ee5 th\u1ec3 c\u1ee7a V\u0103n b\u1ea3n Lu\u1eadt Th\u1ee7 t\u1ee5c H\u1ea3i quan<\/span><\/h3><p><span style=\"color: #000000;\">V\u0103n b\u1ea3n Lu\u1eadt Th\u1ee7 t\u1ee5c H\u1ea3i quan th\u01b0\u1eddng bao g\u1ed3m c\u00e1c quy \u0111\u1ecbnh chi ti\u1ebft v\u1ec1:<\/span><\/p><ul><li><p><span style=\"color: #000000;\"><strong>Quy tr\u00ecnh h\u1ea3i quan<\/strong>: M\u00f4 t\u1ea3 c\u00e1c b\u01b0\u1edbc c\u1ee5 th\u1ec3 m\u00e0 c\u00e1c doanh nghi\u1ec7p v\u00e0 c\u00e1 nh\u00e2n ph\u1ea3i tu\u00e2n th\u1ee7 khi th\u1ef1c hi\u1ec7n th\u1ee7 t\u1ee5c h\u1ea3i quan, bao g\u1ed3m khai b\u00e1o h\u1ea3i quan, ki\u1ec3m tra h\u00e0ng h\u00f3a v\u00e0 gi\u1ea3i quy\u1ebft th\u1ee7 t\u1ee5c.<\/span><\/p><\/li><li><p><span style=\"color: #000000;\"><strong>Th\u1ee7 t\u1ee5c v\u00e0 h\u00ecnh th\u1ee9c khai b\u00e1o<\/strong>: \u0110\u01b0a ra c\u00e1c quy \u0111\u1ecbnh v\u1ec1 n\u1ed9i dung v\u00e0 h\u00ecnh th\u1ee9c c\u1ee7a c\u00e1c t\u00e0i li\u1ec7u khai b\u00e1o h\u1ea3i quan, \u0111\u1ea3m b\u1ea3o s\u1ef1 minh b\u1ea1ch v\u00e0 ch\u00ednh x\u00e1c trong th\u00f4ng tin.<\/span><\/p><\/li><li><p><span style=\"color: #000000;\"><strong>Quy \u0111\u1ecbnh v\u1ec1 xu\u1ea5t kh\u1ea9u v\u00e0 nh\u1eadp kh\u1ea9u<\/strong>: Quy \u0111\u1ecbnh v\u1ec1 \u0111i\u1ec1u ki\u1ec7n nh\u1eadp kh\u1ea9u v\u00e0 xu\u1ea5t kh\u1ea9u h\u00e0ng h\u00f3a, bao g\u1ed3m c\u00e1c y\u00eau c\u1ea7u v\u1ec1 gi\u1ea5y t\u1edd, ch\u1ee9ng t\u1eeb v\u00e0 ph\u01b0\u01a1ng ph\u00e1p ki\u1ec3m tra.<\/span><\/p><\/li><li><p><span style=\"color: #000000;\"><strong>H\u01b0\u1edbng d\u1eabn th\u1ef1c thi<\/strong>: H\u01b0\u1edbng d\u1eabn c\u1ee5 th\u1ec3 cho c\u00e1c c\u01a1 quan th\u1ef1c thi h\u1ea3i quan v\u1ec1 c\u00e1ch th\u1ee9c tri\u1ec3n khai v\u00e0 \u00e1p d\u1ee5ng Lu\u1eadt Th\u1ee7 t\u1ee5c H\u1ea3i quan.<\/span><\/p><\/li><\/ul><h3><span style=\"color: #000000;\">K\u1ebft lu\u1eadn<\/span><\/h3><p><span style=\"color: #000000;\">V\u0103n b\u1ea3n Lu\u1eadt Th\u1ee7 t\u1ee5c H\u1ea3i quan \u0111\u00f3ng vai tr\u00f2 then ch\u1ed1t trong vi\u1ec7c qu\u1ea3n l\u00fd v\u00e0 \u0111i\u1ec1u h\u00e0nh ho\u1ea1t \u0111\u1ed9ng h\u1ea3i quan c\u1ee7a m\u1ed9t qu\u1ed1c gia, \u0111\u1ea3m b\u1ea3o t\u00ednh minh b\u1ea1ch, c\u00f4ng b\u1eb1ng v\u00e0 hi\u1ec7u qu\u1ea3 trong c\u00e1c ho\u1ea1t \u0111\u1ed9ng nh\u1eadp kh\u1ea9u v\u00e0 xu\u1ea5t kh\u1ea9u h\u00e0ng h\u00f3a. B\u1eb1ng c\u00e1ch tu\u00e2n th\u1ee7 nghi\u00eam ng\u1eb7t c\u00e1c quy \u0111\u1ecbnh n\u00e0y, c\u00e1c \u0111\u01a1n v\u1ecb kinh doanh c\u00f3 th\u1ec3 t\u1ed1i \u01b0u h\u00f3a qu\u00e1 tr\u00ecnh v\u1eadn h\u00e0nh v\u00e0 \u0111\u1ea3m b\u1ea3o tu\u00e2n th\u1ee7 ph\u00e1p lu\u1eadt, g\u00f3p ph\u1ea7n v\u00e0o s\u1ef1 ph\u00e1t tri\u1ec3n b\u1ec1n v\u1eefng c\u1ee7a kinh t\u1ebf qu\u1ed1c gia.<\/span><\/p>\t\t\t\t\t\t<\/div>\n\t\t\t\t<\/div>\n\t\t\t\t\t<\/div>\n\t\t\t\t<\/div>\n\t\t\t\t<\/div>\n\t\t","protected":false},"excerpt":{"rendered":"<p>\u00a0 V\u0103n b\u1ea3n Lu\u1eadt Th\u1ee7 t\u1ee5c H\u1ea3i quan l\u00e0 m\u1ed9t ph\u1ea7n quan tr\u1ecdng trong h\u1ec7 th\u1ed1ng ph\u00e1p lu\u1eadt c\u1ee7a m\u1ed7i qu\u1ed1c gia, qu\u1ea3n l\u00fd v\u00e0 \u0111i\u1ec1u h\u00e0nh c\u00e1c ho\u1ea1t \u0111\u1ed9ng nh\u1eadp kh\u1ea9u v\u00e0 xu\u1ea5t kh\u1ea9u h\u00e0ng h\u00f3a qua bi\u00ean gi\u1edbi qu\u1ed1c gia. \u0110\u01b0\u1ee3c thi\u1ebft l\u1eadp \u0111\u1ec3 cung c\u1ea5p khung ph\u00e1p l\u00fd r\u00f5 r\u00e0ng v\u00e0 nh\u1ea5t&hellip;&nbsp;<a href=\"https:\/\/smilelogistics.vn\/?page_id=52\" class=\"\" rel=\"bookmark\">\u0110\u1ecdc ti\u1ebfp &raquo;<span class=\"screen-reader-text\">V\u0102N B\u1ea2N LU\u1eacT TTHQ<\/span><\/a><\/p>\n","protected":false},"author":1,"featured_media":0,"parent":0,"menu_order":0,"comment_status":"closed","ping_status":"closed","template":"page-templates\/template-pagebuilder-full-width.php","meta":{"neve_meta_sidebar":"","neve_meta_container":"","neve_meta_enable_content_width":"off","neve_meta_content_width":100,"neve_meta_title_alignment":"","neve_meta_author_avatar":"","neve_post_elements_order":"","neve_meta_disable_header":"","neve_meta_disable_footer":"","neve_meta_disable_title":"","_themeisle_gutenberg_block_has_review":false,"_ti_tpc_template_sync":false,"_ti_tpc_template_id":"","footnotes":""},"class_list":["post-52","page","type-page","status-publish","hentry"],"_links":{"self":[{"href":"https:\/\/smilelogistics.vn\/index.php?rest_route=\/wp\/v2\/pages\/52","targetHints":{"allow":["GET"]}}],"collection":[{"href":"https:\/\/smilelogistics.vn\/index.php?rest_route=\/wp\/v2\/pages"}],"about":[{"href":"https:\/\/smilelogistics.vn\/index.php?rest_route=\/wp\/v2\/types\/page"}],"author":[{"embeddable":true,"href":"https:\/\/smilelogistics.vn\/index.php?rest_route=\/wp\/v2\/users\/1"}],"replies":[{"embeddable":true,"href":"https:\/\/smilelogistics.vn\/index.php?rest_route=%2Fwp%2Fv2%2Fcomments&post=52"}],"version-history":[{"count":8,"href":"https:\/\/smilelogistics.vn\/index.php?rest_route=\/wp\/v2\/pages\/52\/revisions"}],"predecessor-version":[{"id":1466,"href":"https:\/\/smilelogistics.vn\/index.php?rest_route=\/wp\/v2\/pages\/52\/revisions\/1466"}],"wp:attachment":[{"href":"https:\/\/smilelogistics.vn\/index.php?rest_route=%2Fwp%2Fv2%2Fmedia&parent=52"}],"curies":[{"name":"wp","href":"https:\/\/api.w.org\/{rel}","templated":true}]}}