{"id":1390,"date":"2025-07-18T02:45:18","date_gmt":"2025-07-18T02:45:18","guid":{"rendered":"https:\/\/smilelogistics.vn\/?page_id=1390"},"modified":"2025-07-19T02:20:40","modified_gmt":"2025-07-19T02:20:40","slug":"dich-vu-van-tai-quoc-te-fcl-lcl-air","status":"publish","type":"page","link":"https:\/\/smilelogistics.vn\/?page_id=1390","title":{"rendered":"D\u1ecbch V\u1ee5 V\u1eadn T\u1ea3i Qu\u1ed1c T\u1ebf FCL\/LCL\/AIR"},"content":{"rendered":"<h3 style=\"padding-left: 40px;\"><span style=\"color: #ff6600;\">D\u1ecbch V\u1ee5 V\u1eadn T\u1ea3i Qu\u1ed1c T\u1ebf FCL\/LCL\/AIR<\/span><\/h3>\n<h3 style=\"padding-left: 40px;\"><span style=\"color: #000000;\"><b>1.Th\u1ebf n\u00e0o l\u00e0 LCL v\u00e0 FCL?<\/b><\/span><\/h3>\n<p style=\"padding-left: 40px;\"><span style=\"color: #000000;\">\u201cH\u00e0ng LCL v\u00e0 FCL l\u00e0 g\u00ec?\u201d C\u00e2u h\u1ecfi n\u00e0y c\u00f3 l\u00e0 nh\u1eefng c\u00e2u h\u1ecfi l\u1ea1 cho nh\u1eefng ai m\u1edbi tham gia v\u00e0o l\u0129nh v\u1ef1c v\u1eadn t\u1ea3i. Tuy nhi\u00ean, ch\u00fang l\u00e0 nh\u1eefng thu\u1eadt ng\u1eef r\u1ea5t quan tr\u1ecdng v\u00e0 ph\u1ed5 bi\u1ebfn trong l\u0129nh v\u1ef1c logistic, xu\u1ea5t nh\u1eadp kh\u1ea9u. Trong b\u00e0i vi\u1ebft n\u00e0y, t\u00f4i s\u1ebd chia s\u1ebb v\u1edbi c\u00e1c b\u1ea1n nh\u1eefng th\u00f4ng tin kh\u00e1i qu\u00e1t nh\u1ea5t v\u1ec1 FCL, LCL v\u00e0 s\u1ef1 kh\u00e1c nhau c\u1ee7a ch\u00fang.<\/span><\/p>\n<h2 style=\"padding-left: 40px;\"><span style=\"color: #000000;\"><img fetchpriority=\"high\" decoding=\"async\" class=\"aligncenter\" src=\"https:\/\/mlcwjhqv1z3n.i.optimole.com\/w:300\/h:251\/q:mauto\/ig:avif\/https:\/\/smilelogistics.vn\/wp-content\/uploads\/2024\/06\/LCL-VA-FCL.png\" alt=\"\" width=\"553\" height=\"463\" \/><\/span><\/h2>\n<ul>\n<li style=\"list-style-type: none;\">\n<ul>\n<li><span style=\"color: #ff0000;\"><b>LCL l\u00e0 g\u00ec?<\/b><\/span><\/li>\n<\/ul>\n<\/li>\n<\/ul>\n<p style=\"padding-left: 40px;\"><span style=\"color: #000000;\">&#8211; LCL vi\u1ebft t\u1eaft c\u1ee7a c\u1ee5m t\u1eeb \u201c<strong><em>Less than Container Load\u201d<\/em><\/strong>, d\u1ecbch ngh\u0129a l\u00e0 h\u00e0ng x\u1ebfp kh\u00f4ng \u0111\u1ee7 m\u1ed9t container.<\/span><br \/>\n<span style=\"color: #000000;\">&#8211; Thu\u1eadt ng\u1eef n\u00e0y m\u00f4 t\u1ea3 c\u00e1ch th\u1ee9c v\u1eadn chuy\u1ec3n h\u00e0ng ho\u00e1 khi ch\u1ee7 h\u00e0ng kh\u00f4ng \u0111\u1ee7 h\u00e0ng \u0111\u1ec3 \u0111\u00f3ng nguy\u00ean m\u1ed9t container, m\u00e0 c\u1ea7n gh\u00e9p chung v\u1edbi nh\u1eefng l\u00f4 h\u00e0ng c\u1ee7a c\u00e1c ch\u1ee7 h\u00e0ng kh\u00e1c. Khi \u0111\u00f3, c\u00f4ng ty d\u1ecbch v\u1ee5 s\u1ebd k\u1ebft h\u1ee3p\/ t\u1eadp k\u1ebft nhi\u1ec1u l\u00f4 h\u00e0ng l\u1ebb (LCL shipments), s\u1eafp x\u1ebfp, ph\u00e2n lo\u1ea1i v\u00e0 \u0111\u00f3ng chung v\u00e0o container, sau \u0111\u00f3 thu x\u1ebfp v\u1eadn chuy\u1ec3n t\u1eeb c\u1ea3ng x\u1ebfp t\u1edbi c\u1ea3ng \u0111\u00edch. Vi\u1ec7c k\u1ebft h\u1ee3p \u0111\u00f3ng chung nh\u01b0 v\u1eady g\u1ecdi l\u00e0 gom h\u00e0ng, hay consolidation. H\u00e0ng LCL (c\u00f2n g\u1ecdi l\u00e0 h\u00e0ng l\u1ebb, hay h\u00e0ng consol) \u0111\u01b0\u1ee3c ph\u00e2n bi\u1ec7t v\u1edbi h\u00e0ng FCL (Full Container Load), t\u1ee9c l\u00e0 h\u00e0ng \u0111\u1ee7 x\u1ebfp nguy\u00ean container, m\u00e0 kh\u00f4ng c\u1ea7n gh\u00e9p v\u1edbi l\u00f4 h\u00e0ng kh\u00e1c.<\/span><\/p>\n<ul>\n<li style=\"list-style-type: none;\">\n<ul>\n<li><span style=\"color: #ff0000;\"><b>C\u00f2n FCL l\u00e0 g\u00ec?<\/b><\/span><\/li>\n<\/ul>\n<\/li>\n<\/ul>\n<p style=\"padding-left: 40px;\"><span style=\"color: #000000;\">&#8211; FCL l\u00e0 ch\u1eef vi\u1ebft t\u1eaft c\u1ee7a c\u1ee5m t\u1eeb \u201c<em><strong>Full Container Load<\/strong><\/em>\u201d \u0111\u01b0\u1ee3c s\u1eed d\u1ee5ng trong ng\u00e0nh c\u00f4ng nghi\u1ec7p v\u1eadn t\u1ea3i bi\u1ec3n qu\u1ed1c t\u1ebf cho xu\u1ea5t kh\u1ea9u v\u00e0 nh\u1eadp kh\u1ea9u h\u00e0ng h\u00f3a v\u1eadn t\u1ea3i \u0111\u01b0\u1eddng bi\u1ec3n.<\/span><br \/>\n<span style=\"color: #000000;\">&#8211; Thu\u1eadt ng\u1eef n\u00e0y th\u01b0\u1eddng \u0111\u01b0\u1ee3c s\u1eed d\u1ee5ng \u0111\u1ec3 m\u00f4 t\u1ea3 m\u1ed9t d\u1ecbch v\u1ee5 \u0111\u01b0\u1eddng bi\u1ec3n qu\u1ed1c t\u1ebf \u0111\u01b0\u1ee3c thi\u1ebft k\u1ebf cho c\u00e1c l\u00f4 h\u00e0ng v\u1eadn chuy\u1ec3n h\u00e0ng h\u00f3a m\u00e0 m\u1ed9t n\u01b0\u1edbc xu\u1ea5t kh\u1ea9u, ho\u1eb7c nh\u1eadp kh\u1ea9u s\u1eed d\u1ee5ng \u0111\u1ed9c quy\u1ec1n c\u1ee7a m\u1ed9t container v\u1eadn t\u1ea3i bi\u1ec3n chuy\u00ean d\u1ee5ng (th\u01b0\u1eddng l\u00e0 m\u1ed9t container 20ft ho\u1eb7c 40ft). Container v\u1eadn chuy\u1ec3n h\u00e0ng h\u00f3a b\u1eb1ng \u0111\u01b0\u1eddng bi\u1ec3n th\u01b0\u1eddng \u0111\u01b0\u1ee3c n\u1ea1p v\u00e0 \u0111\u00f3ng d\u1ea5u t\u1ea1i g\u1ed1c v\u00e0 sau \u0111\u00f3 \u0111\u01b0\u1ee3c v\u1eadn chuy\u1ec3n b\u1eb1ng s\u1ef1 k\u1ebft h\u1ee3p c\u1ee7a \u0111\u01b0\u1eddng bi\u1ec3n, \u0111\u01b0\u1eddng s\u1eaft ho\u1eb7c \u0111\u01b0\u1eddng b\u1ed9 \u0111\u1ebfn n\u01a1i ng\u01b0\u1eddi nh\u1eadn h\u00e0ng.<\/span><\/p>\n<h3 style=\"padding-left: 40px;\"><span style=\"color: #000000;\"><b>2. D\u1ecbch v\u1ee5 v\u1eadn t\u1ea3i LCL v\u00e0 FCL t\u1ed1t nh\u1ea5t<\/b><\/span><\/h3>\n<p style=\"padding-left: 40px;\"><span style=\"color: #000000;\">C\u00f4ng ty Smilelogistics ch\u00fang t\u00f4i cung c\u1ea5p cho kh\u00e1ch h\u00e0ng d\u1ecbch v\u1ee5 g\u1edfi h\u00e0ng xu\u1ea5t kh\u1ea9u v\u00e0 nh\u1eadp kh\u1ea9u \u0111\u01b0\u1eddng bi\u1ec3n t\u1eeb Vi\u1ec7t Nam \u0111i m\u1ecdi n\u01a1i tr\u00ean th\u1ebf gi\u1edbi v\u00e0 ng\u01b0\u1ee3c l\u1ea1i (h\u00e0ng nguy\u00ean container FCL v\u00e0 h\u00e0ng l\u1ebb LCL). Ch\u1ea5t l\u01b0\u1ee3ng d\u1ecbch v\u1ee5 \u0111\u01b0\u1ee3c \u0111\u1ea3m b\u1ea3o b\u1edfi c\u00e1c tuy\u1ebfn \u0111i th\u1eb3ng th\u00f4ng qua m\u1ea1ng l\u01b0\u1edbi \u0111\u1ea1i l\u00ed l\u00e2u n\u0103m v\u00e0 c\u00f3 uy t\u00edn. Ch\u00fang t\u00f4i cung c\u1ea5p m\u1ee9c gi\u00e1 c\u1ea1nh tranh v\u00e0 th\u1eddi gian chuy\u1ec3n t\u1ea3i nhanh nh\u1ea5t, lu\u00f4n g\u1eafn v\u1edbi tr\u00e1ch nhi\u1ec7m ng\u01b0\u1eddi v\u1eadn t\u1ea3i.<\/span><\/p>\n<p style=\"padding-left: 40px;\"><span style=\"color: #000000;\">D\u1ecbch v\u1ee5 v\u1eadn chuy\u1ec3n h\u00e0ng h\u00f3a FCL v\u00e0 LCL xu\u1ea5t nh\u1eadp c\u1ee7a ch\u00fang t\u00f4i bao g\u1ed3m:<\/span><\/p>\n<ul>\n<li style=\"list-style-type: none;\">\n<ul>\n<li><span style=\"color: #000000;\">Book ch\u1ed7 CY \u2013 CY. CY \u2013 Door, Door \u2013 CY, Door \u2013 Door<\/span><\/li>\n<li><span style=\"color: #000000;\">Book ch\u1ed7 CFS \u2013 CFS, CFS \u2013 Door, Door \u2013 Door<\/span><\/li>\n<li><span style=\"color: #000000;\">V\u1eadn chuy\u1ec3n \u0111\u01b0\u1eddng bi\u1ec3n k\u1ebft h\u1ee3p \u0111\u01b0\u1eddng b\u1ed9, chuy\u1ec3n t\u1ea3i, chuy\u1ec3n c\u1ea3ng\u2026<\/span><\/li>\n<li><span style=\"color: #000000;\">Cung \u1ee9ng to\u00e0n b\u1ed9 c\u00e1c d\u1ecbch v\u1ee5 li\u00ean quan nh\u01b0 k\u00e9o Container, khai b\u00e1o h\u1ea3i quan, \u0111\u00f3ng ki\u1ec7n, hun tr\u00f9ng, xin C\/O,&#8230;<\/span><\/li>\n<\/ul>\n<\/li>\n<\/ul>\n<figure id=\"attachment_4022\" style=\"width: 311px; padding-left: 40px;\" aria-describedby=\"caption-attachment-4022\"><figcaption id=\"caption-attachment-4022\" style=\"padding-left: 40px;\"><\/figcaption><\/figure>\n<h3 style=\"padding-left: 40px;\"><span style=\"color: #000000;\">3. D\u1ecbch v\u1ee5 v\u1eadn chuy\u1ec3n h\u00e0ng Air<\/span><\/h3>\n<p style=\"padding-left: 40px;\"><span style=\"color: #000000;\">\u0110i chung v\u1edbi s\u1ef1 ph\u00e1t tri\u1ec3n c\u1ee7a n\u1ec1n kinh t\u1ebf, nhu c\u1ea7u v\u1eadn chuy\u1ec3n h\u00e0ng h\u00f3a ng\u00e0y c\u00e0ng t\u0103ng v\u1edbi m\u1ee9c t\u0103ng tr\u01b0\u1edfng \u1ea5n t\u01b0\u1ee3ng. Kh\u00f4ng ch\u1ec9 v\u1eadn chuy\u1ec3n \u0111\u01b0\u1eddng bi\u1ec3n (Sea) t\u0103ng, m\u00e0 \u0111\u01b0\u1eddng h\u00e0ng kh\u00f4ng (Air) c\u0169ng kh\u00f4ng k\u00e9m s\u1ef1 thu h\u00fat t\u1eeb c\u00e1c \u0111\u01a1n h\u00e0ng nh\u1ecf l\u1ebb c\u00f3 gi\u00e1 tr\u1ecb. Nh\u1eefng m\u1eb7t h\u00e0ng n\u00e0y \u0111ang l\u00e0 t\u00e2m \u0111i\u1ec3m c\u1ee7a vi\u1ec7c ph\u00e1t tri\u1ec3n v\u1eadn chuy\u1ec3n \u0111\u01b0\u1eddng bay. V\u1edbi nh\u1eefng c\u00f4ng ty n\u00e0o th\u01b0\u1eddng xuy\u00ean v\u1eadn chuy\u1ec3n h\u00e0ng h\u00f3a ch\u1eafc s\u1ebd hi\u1ec3u vi\u1ec7c l\u1ef1a ch\u1ecdn tuy\u1ebfn \u0111\u01b0\u1eddng v\u1eadn t\u1ea3i v\u00e0 h\u00e3ng v\u1eadn chuy\u1ec3n n\u00f3 quan tr\u1ecdng \u0111\u1ebfn m\u1ee9c n\u00e0o. V\u1edbi tuy\u1ebfn h\u00e0ng \u0111a d\u1ea1ng thu th\u1eadp \u0111\u01b0\u1ee3c sau g\u1ea7n 15 n\u0103m g\u1eafn b\u00f3 AIR AND SEA. Smilelogistics c\u00f3 th\u1ec3 cam k\u1ebft cho b\u1ea1n nh\u1eefng tuy\u1ebfn \u0111\u01b0\u1eddng g\u1ea7n nh\u1ea5t t\u1ed1t nh\u1ea5t, thu\u1eadn ti\u1ec7n nh\u1ea5t \u0111\u1ec3 s\u1eafp x\u1ebfp.Ch\u00fang t\u00f4i l\u00e0m t\u1ea5t c\u1ea3 m\u1ecdi vi\u1ec7c t\u1eeb l\u00e0m gi\u1ea5y ph\u00e9p, nh\u1eadn h\u00e0ng duy\u1ec7t h\u00e0ng, \u0111\u00f3ng g\u00f3i h\u00e0ng h\u00f3a theo \u0111\u00fang quy chu\u1ea9n t\u1eebng lo\u1ea1i h\u00e0ng, th\u00f4ng quan, khai b\u00e1o h\u1ea3i quan v\u00e0 l\u00e0m to\u00e0n b\u1ed9 nhi\u1ec7m v\u1ee5 thu\u1ebf c\u1ee7a doanh nghi\u1ec7p.<\/span><\/p>\n<p style=\"padding-left: 40px;\"><span style=\"color: #000000;\"><img fetchpriority=\"high\" decoding=\"async\" class=\"wp-image-541 aligncenter\" src=\"https:\/\/mlcwjhqv1z3n.i.optimole.com\/w:300\/h:202\/q:mauto\/ig:avif\/https:\/\/smilelogistics.vn\/wp-content\/uploads\/2024\/07\/may-bay.jpeg\" alt=\"\" width=\"701\" height=\"472\" srcset=\"https:\/\/mlcwjhqv1z3n.i.optimole.com\/w:300\/h:202\/q:mauto\/ig:avif\/https:\/\/smilelogistics.vn\/wp-content\/uploads\/2024\/07\/may-bay.jpeg 300w, https:\/\/mlcwjhqv1z3n.i.optimole.com\/w:auto\/h:auto\/q:mauto\/ig:avif\/https:\/\/smilelogistics.vn\/wp-content\/uploads\/2024\/07\/may-bay.jpeg 612w\" sizes=\"(max-width: 701px) 100vw, 701px\" \/><\/span><\/p>\n<p style=\"padding-left: 40px; text-align: center;\"><span style=\"color: #ff0000;\">N\u1ebfu qu\u00fd kh\u00e1ch c\u00f3 b\u1ea5t c\u1ee9 th\u1eafc m\u1eafc g\u00ec, xin h\u00e3y vui l\u00f2ng li\u00ean h\u1ec7 ch\u00fang t\u00f4i. Ch\u00fang t\u00f4i lu\u00f4n s\u1eb5n s\u00e0ng gi\u1ea3i \u0111\u00e1p m\u1ecdi th\u1eafc m\u1eafc.<\/span><\/p>\n<p style=\"text-align: center;\"><strong><span style=\"color: #000000;\">Email: kevin@smilelogistics.vn<\/span><\/strong><\/p>\n<p style=\"text-align: center;\"><strong><span style=\"color: #000000;\">S\u0110T: 0946777657 (Mr Kevin \u0110\u1ea1t)<\/span><\/strong><\/p>\n","protected":false},"excerpt":{"rendered":"<p>D\u1ecbch V\u1ee5 V\u1eadn T\u1ea3i Qu\u1ed1c T\u1ebf FCL\/LCL\/AIR 1.Th\u1ebf n\u00e0o l\u00e0 LCL v\u00e0 FCL? \u201cH\u00e0ng LCL v\u00e0 FCL l\u00e0 g\u00ec?\u201d C\u00e2u h\u1ecfi n\u00e0y c\u00f3 l\u00e0 nh\u1eefng c\u00e2u h\u1ecfi l\u1ea1 cho nh\u1eefng ai m\u1edbi tham gia v\u00e0o l\u0129nh v\u1ef1c v\u1eadn t\u1ea3i. Tuy nhi\u00ean, ch\u00fang l\u00e0 nh\u1eefng thu\u1eadt ng\u1eef r\u1ea5t quan tr\u1ecdng v\u00e0 ph\u1ed5 bi\u1ebfn trong l\u0129nh v\u1ef1c&hellip;&nbsp;<a href=\"https:\/\/smilelogistics.vn\/?page_id=1390\" class=\"\" rel=\"bookmark\">\u0110\u1ecdc ti\u1ebfp &raquo;<span class=\"screen-reader-text\">D\u1ecbch V\u1ee5 V\u1eadn T\u1ea3i Qu\u1ed1c T\u1ebf FCL\/LCL\/AIR<\/span><\/a><\/p>\n","protected":false},"author":1,"featured_media":0,"parent":0,"menu_order":0,"comment_status":"closed","ping_status":"closed","template":"","meta":{"neve_meta_sidebar":"","neve_meta_container":"","neve_meta_enable_content_width":"off","neve_meta_content_width":100,"neve_meta_title_alignment":"","neve_meta_author_avatar":"","neve_post_elements_order":"","neve_meta_disable_header":"","neve_meta_disable_footer":"","neve_meta_disable_title":"on","_themeisle_gutenberg_block_has_review":false,"_ti_tpc_template_sync":false,"_ti_tpc_template_id":"","footnotes":""},"class_list":["post-1390","page","type-page","status-publish","hentry"],"_links":{"self":[{"href":"https:\/\/smilelogistics.vn\/index.php?rest_route=\/wp\/v2\/pages\/1390","targetHints":{"allow":["GET"]}}],"collection":[{"href":"https:\/\/smilelogistics.vn\/index.php?rest_route=\/wp\/v2\/pages"}],"about":[{"href":"https:\/\/smilelogistics.vn\/index.php?rest_route=\/wp\/v2\/types\/page"}],"author":[{"embeddable":true,"href":"https:\/\/smilelogistics.vn\/index.php?rest_route=\/wp\/v2\/users\/1"}],"replies":[{"embeddable":true,"href":"https:\/\/smilelogistics.vn\/index.php?rest_route=%2Fwp%2Fv2%2Fcomments&post=1390"}],"version-history":[{"count":6,"href":"https:\/\/smilelogistics.vn\/index.php?rest_route=\/wp\/v2\/pages\/1390\/revisions"}],"predecessor-version":[{"id":1454,"href":"https:\/\/smilelogistics.vn\/index.php?rest_route=\/wp\/v2\/pages\/1390\/revisions\/1454"}],"wp:attachment":[{"href":"https:\/\/smilelogistics.vn\/index.php?rest_route=%2Fwp%2Fv2%2Fmedia&parent=1390"}],"curies":[{"name":"wp","href":"https:\/\/api.w.org\/{rel}","templated":true}]}}