{"id":1327,"date":"2025-07-06T23:58:03","date_gmt":"2025-07-06T23:58:03","guid":{"rendered":"https:\/\/smilelogistics.vn\/?page_id=1327"},"modified":"2025-08-07T04:48:26","modified_gmt":"2025-08-07T04:48:26","slug":"gioi-thieu","status":"publish","type":"page","link":"https:\/\/smilelogistics.vn\/?page_id=1327","title":{"rendered":"Gi\u1edbi thi\u1ec7u."},"content":{"rendered":"\t\t<div data-elementor-type=\"wp-page\" data-elementor-id=\"1327\" class=\"elementor elementor-1327\" data-elementor-post-type=\"page\">\n\t\t\t\t<div class=\"elementor-element elementor-element-abc6927 e-flex e-con-boxed e-con e-parent\" data-id=\"abc6927\" data-element_type=\"container\" data-settings=\"{&quot;background_background&quot;:&quot;classic&quot;}\">\n\t\t\t\t\t<div class=\"e-con-inner\">\n\t\t<div class=\"elementor-element elementor-element-f9e6551 e-con-full e-flex e-con e-child\" data-id=\"f9e6551\" data-element_type=\"container\" data-settings=\"{&quot;background_background&quot;:&quot;classic&quot;}\">\n\t\t\t\t<div class=\"elementor-element elementor-element-603f380 elementor-widget elementor-widget-text-editor\" data-id=\"603f380\" data-element_type=\"widget\" data-settings=\"{&quot;motion_fx_motion_fx_scrolling&quot;:&quot;yes&quot;,&quot;motion_fx_translateY_effect&quot;:&quot;yes&quot;,&quot;motion_fx_translateY_speed&quot;:{&quot;unit&quot;:&quot;px&quot;,&quot;size&quot;:9.7,&quot;sizes&quot;:[]},&quot;motion_fx_translateY_affectedRange&quot;:{&quot;unit&quot;:&quot;%&quot;,&quot;size&quot;:&quot;&quot;,&quot;sizes&quot;:{&quot;start&quot;:15,&quot;end&quot;:100}},&quot;motion_fx_motion_fx_mouse&quot;:&quot;yes&quot;,&quot;motion_fx_devices&quot;:[&quot;desktop&quot;,&quot;tablet&quot;,&quot;mobile&quot;]}\" data-widget_type=\"text-editor.default\">\n\t\t\t\t<div class=\"elementor-widget-container\">\n\t\t\t<style>\/*! elementor - v3.22.0 - 17-06-2024 *\/\n.elementor-widget-text-editor.elementor-drop-cap-view-stacked .elementor-drop-cap{background-color:#69727d;color:#fff}.elementor-widget-text-editor.elementor-drop-cap-view-framed .elementor-drop-cap{color:#69727d;border:3px solid;background-color:transparent}.elementor-widget-text-editor:not(.elementor-drop-cap-view-default) .elementor-drop-cap{margin-top:8px}.elementor-widget-text-editor:not(.elementor-drop-cap-view-default) .elementor-drop-cap-letter{width:1em;height:1em}.elementor-widget-text-editor .elementor-drop-cap{float:left;text-align:center;line-height:1;font-size:50px}.elementor-widget-text-editor .elementor-drop-cap-letter{display:inline-block}<\/style>\t\t\t\t<h4 style=\"text-align: left;\"><span style=\"color: #ffffff;\"><strong>\u00a0<\/strong><\/span><\/h4><h4 style=\"text-align: center;\"><span style=\"color: #ffffff;\"><strong>\u00a0<\/strong><\/span><\/h4><h4 style=\"text-align: center;\"><span style=\"color: #ffffff;\"><strong>\u00a0<\/strong><\/span><\/h4><h4 style=\"text-align: center;\"><span style=\"color: #ffffff;\"><strong>\u00a0<\/strong><\/span><\/h4><h4 style=\"text-align: center;\"><span style=\"color: #ffffff;\"><strong>\u00a0<\/strong><\/span><\/h4><h4 style=\"text-align: center;\"><span style=\"color: #ffffff;\"><strong>\u00a0<\/strong><\/span><\/h4><h4 style=\"text-align: center;\"><span style=\"color: #ffffff;\"><strong>\u00a0<\/strong><\/span><\/h4><h4 style=\"text-align: center;\"><span style=\"color: #ffffff;\"><strong>\u00a0<\/strong><\/span><\/h4><h4 style=\"text-align: center;\"><span style=\"color: #ffffff;\"><strong>SmileLogs t\u1ef1 h\u00e0o l\u00e0 \u0111\u1ed1i t\u00e1c giao nh\u1eadn tin c\u1eady, lu\u00f4n \u0111\u1ed3ng h\u00e0nh c\u00f9ng kh\u00e1ch h\u00e0ng v\u1edbi gi\u1ea3i ph\u00e1p logistics linh ho\u1ea1t, t\u1ed1i \u01b0u v\u00e0 d\u1ecbch v\u1ee5 chuy\u00ean nghi\u1ec7p \u2013 mang \u0111\u1ebfn s\u1ef1 an t\u00e2m trong t\u1eebng ch\u1eb7ng \u0111\u01b0\u1eddng v\u1eadn chuy\u1ec3n.<\/strong><\/span><\/h4>\t\t\t\t\t\t<\/div>\n\t\t\t\t<\/div>\n\t\t\t\t<\/div>\n\t\t\t\t\t<\/div>\n\t\t\t\t<\/div>\n\t\t<div class=\"elementor-element elementor-element-c900ebe e-flex e-con-boxed e-con e-parent\" data-id=\"c900ebe\" data-element_type=\"container\" data-settings=\"{&quot;background_background&quot;:&quot;classic&quot;}\">\n\t\t\t\t\t<div class=\"e-con-inner\">\n\t\t\t\t<div class=\"elementor-element elementor-element-2fbd28c elementor-widget elementor-widget-image\" data-id=\"2fbd28c\" data-element_type=\"widget\" data-widget_type=\"image.default\">\n\t\t\t\t<div class=\"elementor-widget-container\">\n\t\t\t<style>\/*! elementor - v3.22.0 - 17-06-2024 *\/\n.elementor-widget-image{text-align:center}.elementor-widget-image a{display:inline-block}.elementor-widget-image a img[src$=\".svg\"]{width:48px}.elementor-widget-image img{vertical-align:middle;display:inline-block}<\/style>\t\t\t\t\t\t\t\t\t\t<img fetchpriority=\"high\" decoding=\"async\" width=\"1920\" height=\"1080\" src=\"https:\/\/mlcwjhqv1z3n.i.optimole.com\/w:auto\/h:auto\/q:mauto\/ig:avif\/https:\/\/smilelogistics.vn\/wp-content\/uploads\/2025\/07\/Orange-and-White-Modern-Logistic-Company-Presentation-2.png\" class=\"attachment-full size-full wp-image-1349\" alt=\"\" srcset=\"https:\/\/mlcwjhqv1z3n.i.optimole.com\/w:auto\/h:auto\/q:mauto\/ig:avif\/https:\/\/smilelogistics.vn\/wp-content\/uploads\/2025\/07\/Orange-and-White-Modern-Logistic-Company-Presentation-2.png 1920w, https:\/\/mlcwjhqv1z3n.i.optimole.com\/w:300\/h:169\/q:mauto\/ig:avif\/https:\/\/smilelogistics.vn\/wp-content\/uploads\/2025\/07\/Orange-and-White-Modern-Logistic-Company-Presentation-2.png 300w, https:\/\/mlcwjhqv1z3n.i.optimole.com\/w:1024\/h:576\/q:mauto\/ig:avif\/https:\/\/smilelogistics.vn\/wp-content\/uploads\/2025\/07\/Orange-and-White-Modern-Logistic-Company-Presentation-2.png 1024w, https:\/\/mlcwjhqv1z3n.i.optimole.com\/w:768\/h:432\/q:mauto\/ig:avif\/https:\/\/smilelogistics.vn\/wp-content\/uploads\/2025\/07\/Orange-and-White-Modern-Logistic-Company-Presentation-2.png 768w, https:\/\/mlcwjhqv1z3n.i.optimole.com\/w:1536\/h:864\/q:mauto\/ig:avif\/https:\/\/smilelogistics.vn\/wp-content\/uploads\/2025\/07\/Orange-and-White-Modern-Logistic-Company-Presentation-2.png 1536w\" sizes=\"(max-width: 1920px) 100vw, 1920px\" \/>\t\t\t\t\t\t\t\t\t\t\t\t\t<\/div>\n\t\t\t\t<\/div>\n\t\t\t\t\t<\/div>\n\t\t\t\t<\/div>\n\t\t<div class=\"elementor-element elementor-element-0aa5b6d e-con-full e-flex e-con e-parent\" data-id=\"0aa5b6d\" data-element_type=\"container\" data-settings=\"{&quot;background_background&quot;:&quot;classic&quot;}\">\n\t\t<div class=\"elementor-element elementor-element-7934646 e-con-full e-flex e-con e-child\" data-id=\"7934646\" data-element_type=\"container\" data-settings=\"{&quot;background_background&quot;:&quot;classic&quot;}\">\n\t\t\t\t<div class=\"elementor-element elementor-element-58489fa elementor-widget elementor-widget-text-editor\" data-id=\"58489fa\" data-element_type=\"widget\" data-widget_type=\"text-editor.default\">\n\t\t\t\t<div class=\"elementor-widget-container\">\n\t\t\t\t\t\t\t<p><strong><span style=\"color: #ffcc00;\"><span style=\"color: #ff9900;\">T\u1ea6M NH\u00ccN:<\/span><\/span><\/strong><span style=\"color: #000000;\">Tr\u1edf th\u00e0nh \u0111\u01a1n v\u1ecb\u00a0 logistics h\u00e0ng \u0111\u1ea7u khu v\u1ef1c, \u0111\u01b0\u1ee3c kh\u00e1ch h\u00e0ng tin c\u1eady nh\u1edd v\u00e0o d\u1ecbch v\u1ee5 hi\u1ec7u qu\u1ea3, linh ho\u1ea1t v\u00e0 gi\u1ea3i ph\u00e1p t\u1ed1i \u01b0u \u2013 l\u00e0 m\u1eaft x\u00edch quan tr\u1ecdng trong chu\u1ed7i cung \u1ee9ng to\u00e0n c\u1ea7u.<\/span><\/p>\t\t\t\t\t\t<\/div>\n\t\t\t\t<\/div>\n\t\t\t\t<\/div>\n\t\t\t\t<\/div>\n\t\t<div class=\"elementor-element elementor-element-2d2e424 e-flex e-con-boxed e-con e-parent\" data-id=\"2d2e424\" data-element_type=\"container\" data-settings=\"{&quot;background_background&quot;:&quot;classic&quot;}\">\n\t\t\t\t\t<div class=\"e-con-inner\">\n\t\t<div class=\"elementor-element elementor-element-2864606 e-con-full e-flex e-con e-child\" data-id=\"2864606\" data-element_type=\"container\">\n\t\t\t\t<div class=\"elementor-element elementor-element-e9bcff4 elementor-widget elementor-widget-image\" data-id=\"e9bcff4\" data-element_type=\"widget\" data-widget_type=\"image.default\">\n\t\t\t\t<div class=\"elementor-widget-container\">\n\t\t\t\t\t\t\t\t\t\t\t\t\t<img fetchpriority=\"high\" decoding=\"async\" width=\"612\" height=\"398\" src=\"https:\/\/mlcwjhqv1z3n.i.optimole.com\/w:auto\/h:auto\/q:mauto\/ig:avif\/https:\/\/smilelogistics.vn\/wp-content\/uploads\/2025\/07\/istockphoto-968819844-612x612-3.jpg\" class=\"attachment-large size-large wp-image-1225\" alt=\"\" srcset=\"https:\/\/mlcwjhqv1z3n.i.optimole.com\/w:auto\/h:auto\/q:mauto\/ig:avif\/https:\/\/smilelogistics.vn\/wp-content\/uploads\/2025\/07\/istockphoto-968819844-612x612-3.jpg 612w, https:\/\/mlcwjhqv1z3n.i.optimole.com\/w:300\/h:195\/q:mauto\/ig:avif\/https:\/\/smilelogistics.vn\/wp-content\/uploads\/2025\/07\/istockphoto-968819844-612x612-3.jpg 300w\" sizes=\"(max-width: 612px) 100vw, 612px\" \/>\t\t\t\t\t\t\t\t\t\t\t\t\t<\/div>\n\t\t\t\t<\/div>\n\t\t\t\t<\/div>\n\t\t<div class=\"elementor-element elementor-element-6f8044d e-con-full e-flex e-con e-child\" data-id=\"6f8044d\" data-element_type=\"container\">\n\t\t\t\t<div class=\"elementor-element elementor-element-16fdd02 elementor-widget elementor-widget-image\" data-id=\"16fdd02\" data-element_type=\"widget\" data-widget_type=\"image.default\">\n\t\t\t\t<div class=\"elementor-widget-container\">\n\t\t\t\t\t\t\t\t\t\t\t\t\t<img data-opt-src=\"https:\/\/mlcwjhqv1z3n.i.optimole.com\/w:612\/h:612\/ig:avif\/q:mauto\/id:9fade4b000b9e3cd5d713e8f9c163805\/directUpload\/istockphoto-1431499957-612x612.jpg\"  decoding=\"async\" width=\"1024\" height=\"1024\" src=\"data:image/svg+xml,%3Csvg%20viewBox%3D%220%200%20612%20612%22%20width%3D%22612%22%20height%3D%22612%22%20xmlns%3D%22http%3A%2F%2Fwww.w3.org%2F2000%2Fsvg%22%3E%3Crect%20width%3D%22612%22%20height%3D%22612%22%20fill%3D%22transparent%22%2F%3E%3C%2Fsvg%3E\" class=\"attachment-large size-large wp-image-1197\" alt=\"\" \/>\t\t\t\t\t\t\t\t\t\t\t\t\t<\/div>\n\t\t\t\t<\/div>\n\t\t\t\t<\/div>\n\t\t<div class=\"elementor-element elementor-element-4901261 e-con-full e-flex e-con e-child\" data-id=\"4901261\" data-element_type=\"container\" data-settings=\"{&quot;background_background&quot;:&quot;classic&quot;}\">\n\t\t\t\t<div class=\"elementor-element elementor-element-8d70945 elementor-drop-cap-yes elementor-drop-cap-view-default elementor-widget elementor-widget-text-editor\" data-id=\"8d70945\" data-element_type=\"widget\" data-settings=\"{&quot;drop_cap&quot;:&quot;yes&quot;}\" data-widget_type=\"text-editor.default\">\n\t\t\t\t<div class=\"elementor-widget-container\">\n\t\t\t\t\t\t\t<p><span style=\"color: #ff9900;\"><strong data-start=\"435\" data-end=\"446\">S\u1ee8 M\u1ec6NH: <\/strong><\/span><\/p><p><span style=\"color: #000000;\"><strong>Mang \u0111\u1ebfn gi\u1ea3i ph\u00e1p logistics ch\u1ea5t l\u01b0\u1ee3ng, \u0111\u00fang h\u1eb9n, ti\u1ebft ki\u1ec7m \u2013 kh\u00f4ng ng\u1eebng \u0111\u1ed5i m\u1edbi \u0111\u1ec3 n\u00e2ng t\u1ea7m tr\u1ea3i nghi\u1ec7m kh\u00e1ch h\u00e0ng, \u0111\u1ed3ng h\u00e0nh ph\u00e1t tri\u1ec3n b\u1ec1n v\u1eefng c\u00f9ng \u0111\u1ed1<\/strong>i <strong>t\u00e1c v\u00e0 ng\u00e0nh logistics Vi\u1ec7t Nam.<\/strong><\/span><\/p>\t\t\t\t\t\t<\/div>\n\t\t\t\t<\/div>\n\t\t\t\t<\/div>\n\t\t<div class=\"elementor-element elementor-element-559536e e-con-full e-flex e-con e-child\" data-id=\"559536e\" data-element_type=\"container\" data-settings=\"{&quot;background_background&quot;:&quot;classic&quot;}\">\n\t\t\t\t<div class=\"elementor-element elementor-element-cb2bb41 elementor-widget elementor-widget-text-editor\" data-id=\"cb2bb41\" data-element_type=\"widget\" data-widget_type=\"text-editor.default\">\n\t\t\t\t<div class=\"elementor-widget-container\">\n\t\t\t\t\t\t\t<p><span style=\"color: #ff9900;\"><strong>GI\u00c1 TR\u1eca C\u1ed0T L\u00d5I<\/strong><\/span><\/p><ul><li><span style=\"color: #000000;\"><strong data-start=\"143\" data-end=\"167\">T\u1eadn t\u00e2m &amp; Ch\u00ednh tr\u1ef1c<\/strong> \u2013 Lu\u00f4n \u0111\u1eb7t kh\u00e1ch h\u00e0ng l\u00e0m tr\u1ecdng t\u00e2m, h\u00e0nh \u0111\u1ed9ng minh b\u1ea1ch, trung th\u1ef1c v\u00e0 c\u00f3 tr\u00e1ch nhi\u1ec7m.<\/span><\/li><li data-start=\"261\" data-end=\"377\"><span style=\"color: #000000;\"><strong data-start=\"261\" data-end=\"285\">Hi\u1ec7u qu\u1ea3 &amp; Linh ho\u1ea1t<\/strong> \u2013 T\u1ed1i \u01b0u gi\u1ea3i ph\u00e1p logistics, th\u00edch \u1ee9ng nhanh v\u1edbi m\u1ecdi nhu c\u1ea7u v\u00e0 thay \u0111\u1ed5i c\u1ee7a th\u1ecb tr\u01b0\u1eddng.<\/span><\/li><li data-start=\"381\" data-end=\"517\"><span style=\"color: #000000;\"><strong data-start=\"381\" data-end=\"402\">\u0110\u1ed5i m\u1edbi &amp; H\u1ee3p t\u00e1c<\/strong> \u2013 Kh\u00f4ng ng\u1eebng c\u1ea3i ti\u1ebfn, \u1ee9ng d\u1ee5ng c\u00f4ng ngh\u1ec7 v\u00e0 x\u00e2y d\u1ef1ng quan h\u1ec7 b\u1ec1n v\u1eefng v\u1edbi kh\u00e1ch h\u00e0ng, \u0111\u1ed1i t\u00e1c v\u00e0 \u0111\u1ed9i ng\u0169 n\u1ed9i b\u1ed9.<\/span><\/li><\/ul>\t\t\t\t\t\t<\/div>\n\t\t\t\t<\/div>\n\t\t\t\t<\/div>\n\t\t\t\t\t<\/div>\n\t\t\t\t<\/div>\n\t\t<div class=\"elementor-element elementor-element-bbbf343 e-flex e-con-boxed e-con e-parent\" data-id=\"bbbf343\" data-element_type=\"container\" data-settings=\"{&quot;background_background&quot;:&quot;classic&quot;}\">\n\t\t\t\t\t<div class=\"e-con-inner\">\n\t\t<div class=\"elementor-element elementor-element-1106d77 e-con-full e-flex e-con e-child\" data-id=\"1106d77\" data-element_type=\"container\" data-settings=\"{&quot;background_background&quot;:&quot;classic&quot;}\">\n\t\t\t\t<div class=\"elementor-element elementor-element-fd99c0c elementor-widget elementor-widget-heading\" data-id=\"fd99c0c\" data-element_type=\"widget\" data-widget_type=\"heading.default\">\n\t\t\t\t<div class=\"elementor-widget-container\">\n\t\t\t<style>\/*! elementor - v3.22.0 - 17-06-2024 *\/\n.elementor-heading-title{padding:0;margin:0;line-height:1}.elementor-widget-heading .elementor-heading-title[class*=elementor-size-]>a{color:inherit;font-size:inherit;line-height:inherit}.elementor-widget-heading .elementor-heading-title.elementor-size-small{font-size:15px}.elementor-widget-heading .elementor-heading-title.elementor-size-medium{font-size:19px}.elementor-widget-heading .elementor-heading-title.elementor-size-large{font-size:29px}.elementor-widget-heading .elementor-heading-title.elementor-size-xl{font-size:39px}.elementor-widget-heading .elementor-heading-title.elementor-size-xxl{font-size:59px}<\/style><h2 class=\"elementor-heading-title elementor-size-default\">L\u00fd do ch\u1ecdn ch\u00fang t\u00f4i<\/h2>\t\t<\/div>\n\t\t\t\t<\/div>\n\t\t\t\t<\/div>\n\t\t\t\t\t<\/div>\n\t\t\t\t<\/div>\n\t\t<div class=\"elementor-element elementor-element-d8361cc e-flex e-con-boxed e-con e-parent\" data-id=\"d8361cc\" data-element_type=\"container\" data-settings=\"{&quot;background_background&quot;:&quot;classic&quot;}\">\n\t\t\t\t\t<div class=\"e-con-inner\">\n\t\t<div class=\"elementor-element elementor-element-19195bb e-con-full e-flex e-con e-child\" data-id=\"19195bb\" data-element_type=\"container\">\n\t\t\t\t<div class=\"elementor-element elementor-element-93e3da0 elementor-widget elementor-widget-image\" data-id=\"93e3da0\" data-element_type=\"widget\" data-widget_type=\"image.default\">\n\t\t\t\t<div class=\"elementor-widget-container\">\n\t\t\t\t\t\t\t\t\t\t\t\t\t<img data-opt-src=\"https:\/\/mlcwjhqv1z3n.i.optimole.com\/w:auto\/h:auto\/q:mauto\/ig:avif\/https:\/\/smilelogistics.vn\/wp-content\/uploads\/2024\/07\/1.jpg\"  loading=\"lazy\" decoding=\"async\" width=\"612\" height=\"365\" src=\"data:image/svg+xml,%3Csvg%20viewBox%3D%220%200%20100%%20100%%22%20width%3D%22100%%22%20height%3D%22100%%22%20xmlns%3D%22http%3A%2F%2Fwww.w3.org%2F2000%2Fsvg%22%3E%3Crect%20width%3D%22100%%22%20height%3D%22100%%22%20fill%3D%22transparent%22%2F%3E%3C%2Fsvg%3E\" class=\"attachment-large size-large wp-image-716\" alt=\"\" old-srcset=\"https:\/\/mlcwjhqv1z3n.i.optimole.com\/w:auto\/h:auto\/q:mauto\/ig:avif\/https:\/\/smilelogistics.vn\/wp-content\/uploads\/2024\/07\/1.jpg 612w, https:\/\/mlcwjhqv1z3n.i.optimole.com\/w:300\/h:179\/q:mauto\/ig:avif\/https:\/\/smilelogistics.vn\/wp-content\/uploads\/2024\/07\/1.jpg 300w\" \/>\t\t\t\t\t\t\t\t\t\t\t\t\t<\/div>\n\t\t\t\t<\/div>\n\t\t\t\t<\/div>\n\t\t<div class=\"elementor-element elementor-element-5f31113 e-con-full e-flex e-con e-child\" data-id=\"5f31113\" data-element_type=\"container\">\n\t\t\t\t<div class=\"elementor-element elementor-element-7be8b3e elementor-widget elementor-widget-image\" data-id=\"7be8b3e\" data-element_type=\"widget\" data-widget_type=\"image.default\">\n\t\t\t\t<div class=\"elementor-widget-container\">\n\t\t\t\t\t\t\t\t\t\t\t\t\t<img data-opt-src=\"https:\/\/mlcwjhqv1z3n.i.optimole.com\/w:auto\/h:auto\/q:mauto\/ig:avif\/https:\/\/smilelogistics.vn\/wp-content\/uploads\/2024\/06\/sale.jpeg\"  loading=\"lazy\" decoding=\"async\" width=\"612\" height=\"408\" src=\"data:image/svg+xml,%3Csvg%20viewBox%3D%220%200%20100%%20100%%22%20width%3D%22100%%22%20height%3D%22100%%22%20xmlns%3D%22http%3A%2F%2Fwww.w3.org%2F2000%2Fsvg%22%3E%3Crect%20width%3D%22100%%22%20height%3D%22100%%22%20fill%3D%22transparent%22%2F%3E%3C%2Fsvg%3E\" class=\"attachment-large size-large wp-image-728\" alt=\"\" old-srcset=\"https:\/\/mlcwjhqv1z3n.i.optimole.com\/w:auto\/h:auto\/q:mauto\/ig:avif\/https:\/\/smilelogistics.vn\/wp-content\/uploads\/2024\/06\/sale.jpeg 612w, https:\/\/mlcwjhqv1z3n.i.optimole.com\/w:300\/h:200\/q:mauto\/ig:avif\/https:\/\/smilelogistics.vn\/wp-content\/uploads\/2024\/06\/sale.jpeg 300w\" \/>\t\t\t\t\t\t\t\t\t\t\t\t\t<\/div>\n\t\t\t\t<\/div>\n\t\t\t\t<\/div>\n\t\t<div class=\"elementor-element elementor-element-b596a7e e-con-full e-flex e-con e-child\" data-id=\"b596a7e\" data-element_type=\"container\">\n\t\t\t\t<div class=\"elementor-element elementor-element-ceea813 elementor-widget elementor-widget-image\" data-id=\"ceea813\" data-element_type=\"widget\" data-widget_type=\"image.default\">\n\t\t\t\t<div class=\"elementor-widget-container\">\n\t\t\t\t\t\t\t\t\t\t\t\t\t<img data-opt-src=\"https:\/\/mlcwjhqv1z3n.i.optimole.com\/w:1024\/h:410\/q:mauto\/ig:avif\/https:\/\/smilelogistics.vn\/wp-content\/uploads\/2025\/07\/bachvietshipping-4.jpg\"  loading=\"lazy\" decoding=\"async\" width=\"1024\" height=\"410\" src=\"data:image/svg+xml,%3Csvg%20viewBox%3D%220%200%201024%20410%22%20width%3D%221024%22%20height%3D%22410%22%20xmlns%3D%22http%3A%2F%2Fwww.w3.org%2F2000%2Fsvg%22%3E%3Crect%20width%3D%221024%22%20height%3D%22410%22%20fill%3D%22transparent%22%2F%3E%3C%2Fsvg%3E\" class=\"attachment-large size-large wp-image-1221\" alt=\"\" old-srcset=\"https:\/\/mlcwjhqv1z3n.i.optimole.com\/w:1024\/h:410\/q:mauto\/ig:avif\/https:\/\/smilelogistics.vn\/wp-content\/uploads\/2025\/07\/bachvietshipping-4.jpg 1024w, https:\/\/mlcwjhqv1z3n.i.optimole.com\/w:300\/h:120\/q:mauto\/ig:avif\/https:\/\/smilelogistics.vn\/wp-content\/uploads\/2025\/07\/bachvietshipping-4.jpg 300w, https:\/\/mlcwjhqv1z3n.i.optimole.com\/w:768\/h:307\/q:mauto\/ig:avif\/https:\/\/smilelogistics.vn\/wp-content\/uploads\/2025\/07\/bachvietshipping-4.jpg 768w, https:\/\/mlcwjhqv1z3n.i.optimole.com\/w:1536\/h:614\/q:mauto\/ig:avif\/https:\/\/smilelogistics.vn\/wp-content\/uploads\/2025\/07\/bachvietshipping-4.jpg 1536w, https:\/\/mlcwjhqv1z3n.i.optimole.com\/w:1920\/h:767\/q:mauto\/ig:avif\/https:\/\/smilelogistics.vn\/wp-content\/uploads\/2025\/07\/bachvietshipping-4.jpg 2048w\" \/>\t\t\t\t\t\t\t\t\t\t\t\t\t<\/div>\n\t\t\t\t<\/div>\n\t\t\t\t<\/div>\n\t\t<div class=\"elementor-element elementor-element-a793c69 e-con-full e-flex e-con e-child\" data-id=\"a793c69\" data-element_type=\"container\">\n\t\t\t\t<div class=\"elementor-element elementor-element-6ef96eb elementor-widget elementor-widget-text-editor\" data-id=\"6ef96eb\" data-element_type=\"widget\" data-widget_type=\"text-editor.default\">\n\t\t\t\t<div class=\"elementor-widget-container\">\n\t\t\t\t\t\t\t<p style=\"text-align: left;\"><span style=\"color: #ff9900;\"><strong>Gi\u1ea3i ph\u00e1p linh ho\u1ea1t \u2013 D\u1ecbch v\u1ee5 chu\u1ea9n<\/strong><\/span><br data-start=\"343\" data-end=\"346\" \/><span style=\"color: #000000;\">SmileLogs cung c\u1ea5p gi\u1ea3i ph\u00e1p giao nh\u1eadn ph\u00f9 h\u1ee3p v\u1edbi t\u1eebng nhu c\u1ea7u, \u0111\u1ea3m b\u1ea3o ti\u1ebfn \u0111\u1ed9 v\u00e0 hi\u1ec7u qu\u1ea3 v\u1eadn h\u00e0nh.<\/span><\/p>\t\t\t\t\t\t<\/div>\n\t\t\t\t<\/div>\n\t\t\t\t<\/div>\n\t\t<div class=\"elementor-element elementor-element-35f90e4 e-con-full e-flex e-con e-child\" data-id=\"35f90e4\" data-element_type=\"container\">\n\t\t\t\t<div class=\"elementor-element elementor-element-11f663b elementor-widget elementor-widget-text-editor\" data-id=\"11f663b\" data-element_type=\"widget\" data-widget_type=\"text-editor.default\">\n\t\t\t\t<div class=\"elementor-widget-container\">\n\t\t\t\t\t\t\t<p><span style=\"color: #ff9900;\"><strong data-start=\"456\" data-end=\"491\">\u0110\u1ed9i ng\u0169 chuy\u00ean nghi\u1ec7p \u2013 T\u1eadn t\u00e2m<\/strong><\/span><br data-start=\"491\" data-end=\"494\" \/><span style=\"color: #000000;\">Nh\u00e2n s\u1ef1 gi\u00e0u kinh nghi\u1ec7m, nhi\u1ec7t huy\u1ebft v\u00e0 lu\u00f4n \u0111\u1ed3ng h\u00e0nh \u0111\u1ec3 mang l\u1ea1i tr\u1ea3i nghi\u1ec7m d\u1ecbch v\u1ee5 t\u1ed1t nh\u1ea5t cho kh\u00e1ch h\u00e0ng<\/span><\/p>\t\t\t\t\t\t<\/div>\n\t\t\t\t<\/div>\n\t\t\t\t<\/div>\n\t\t<div class=\"elementor-element elementor-element-a684786 e-con-full e-flex e-con e-child\" data-id=\"a684786\" data-element_type=\"container\">\n\t\t\t\t<div class=\"elementor-element elementor-element-93c373c elementor-widget elementor-widget-text-editor\" data-id=\"93c373c\" data-element_type=\"widget\" data-widget_type=\"text-editor.default\">\n\t\t\t\t<div class=\"elementor-widget-container\">\n\t\t\t\t\t\t\t<p><span style=\"color: #ff9900;\"><strong>Chi ph\u00ed h\u1ee3p l\u00fd \u2013 Gi\u00e1 tr\u1ecb t\u1ed1i \u01b0u<\/strong><\/span><br data-start=\"509\" data-end=\"512\" \/><span style=\"color: #000000;\">SmileLogs mang \u0111\u1ebfn m\u1ee9c gi\u00e1 c\u1ea1nh tranh \u0111i c\u00f9ng ch\u1ea5t l\u01b0\u1ee3ng d\u1ecbch v\u1ee5 \u1ed5n \u0111\u1ecbnh, gi\u00fap kh\u00e1ch h\u00e0ng t\u1ed1i \u01b0u chi ph\u00ed.<\/span><\/p>\t\t\t\t\t\t<\/div>\n\t\t\t\t<\/div>\n\t\t\t\t<\/div>\n\t\t\t\t\t<\/div>\n\t\t\t\t<\/div>\n\t\t\t\t<\/div>\n\t\t","protected":false},"excerpt":{"rendered":"<p>\u00a0 \u00a0 \u00a0 \u00a0 \u00a0 \u00a0 \u00a0 \u00a0 SmileLogs t\u1ef1 h\u00e0o l\u00e0 \u0111\u1ed1i t\u00e1c giao nh\u1eadn tin c\u1eady, lu\u00f4n \u0111\u1ed3ng h\u00e0nh c\u00f9ng kh\u00e1ch h\u00e0ng v\u1edbi gi\u1ea3i ph\u00e1p logistics linh ho\u1ea1t, t\u1ed1i \u01b0u v\u00e0 d\u1ecbch v\u1ee5 chuy\u00ean nghi\u1ec7p \u2013 mang \u0111\u1ebfn s\u1ef1 an t\u00e2m trong t\u1eebng ch\u1eb7ng \u0111\u01b0\u1eddng v\u1eadn chuy\u1ec3n. T\u1ea6M NH\u00ccN:Tr\u1edf th\u00e0nh \u0111\u01a1n v\u1ecb\u00a0 logistics&hellip;&nbsp;<a href=\"https:\/\/smilelogistics.vn\/?page_id=1327\" class=\"\" rel=\"bookmark\">\u0110\u1ecdc ti\u1ebfp &raquo;<span class=\"screen-reader-text\">Gi\u1edbi thi\u1ec7u.<\/span><\/a><\/p>\n","protected":false},"author":1,"featured_media":0,"parent":0,"menu_order":0,"comment_status":"closed","ping_status":"closed","template":"page-templates\/template-pagebuilder-full-width.php","meta":{"neve_meta_sidebar":"","neve_meta_container":"","neve_meta_enable_content_width":"","neve_meta_content_width":0,"neve_meta_title_alignment":"","neve_meta_author_avatar":"","neve_post_elements_order":"","neve_meta_disable_header":"","neve_meta_disable_footer":"","neve_meta_disable_title":"","_themeisle_gutenberg_block_has_review":false,"_ti_tpc_template_sync":false,"_ti_tpc_template_id":"","footnotes":""},"class_list":["post-1327","page","type-page","status-publish","hentry"],"_links":{"self":[{"href":"https:\/\/smilelogistics.vn\/index.php?rest_route=\/wp\/v2\/pages\/1327","targetHints":{"allow":["GET"]}}],"collection":[{"href":"https:\/\/smilelogistics.vn\/index.php?rest_route=\/wp\/v2\/pages"}],"about":[{"href":"https:\/\/smilelogistics.vn\/index.php?rest_route=\/wp\/v2\/types\/page"}],"author":[{"embeddable":true,"href":"https:\/\/smilelogistics.vn\/index.php?rest_route=\/wp\/v2\/users\/1"}],"replies":[{"embeddable":true,"href":"https:\/\/smilelogistics.vn\/index.php?rest_route=%2Fwp%2Fv2%2Fcomments&post=1327"}],"version-history":[{"count":28,"href":"https:\/\/smilelogistics.vn\/index.php?rest_route=\/wp\/v2\/pages\/1327\/revisions"}],"predecessor-version":[{"id":1477,"href":"https:\/\/smilelogistics.vn\/index.php?rest_route=\/wp\/v2\/pages\/1327\/revisions\/1477"}],"wp:attachment":[{"href":"https:\/\/smilelogistics.vn\/index.php?rest_route=%2Fwp%2Fv2%2Fmedia&parent=1327"}],"curies":[{"name":"wp","href":"https:\/\/api.w.org\/{rel}","templated":true}]}}